{"id":58106,"date":"2025-10-01T09:06:04","date_gmt":"2025-10-01T09:06:04","guid":{"rendered":"https:\/\/efkar.kroppalab.com\/?page_id=58106"},"modified":"2025-10-31T10:59:03","modified_gmt":"2025-10-31T10:59:03","slug":"kalite-ve-gida-guvenligi-politikasi","status":"publish","type":"page","link":"https:\/\/efkar.com.tr\/en\/kalite-ve-gida-guvenligi-politikasi\/","title":{"rendered":"Kalite ve G\u0131da G\u00fcvenli\u011fi Politikas\u0131"},"content":{"rendered":"<div data-elementor-type=\"wp-page\" data-elementor-id=\"58106\" class=\"elementor elementor-58106\" data-elementor-post-type=\"page\">\n\t\t\t\t\t\t<section class=\"elementor-section elementor-top-section elementor-element elementor-element-2f510fd elementor-section-boxed elementor-section-height-default elementor-section-height-default sc_fly_static\" data-id=\"2f510fd\" data-element_type=\"section\">\n\t\t\t\t\t\t<div class=\"elementor-container elementor-column-gap-extended\">\n\t\t\t\t\t<div class=\"elementor-column elementor-col-50 elementor-top-column elementor-element elementor-element-7c12db4 sc_content_align_inherit sc_layouts_column_icons_position_left sc_fly_static\" data-id=\"7c12db4\" data-element_type=\"column\">\n\t\t\t<div class=\"elementor-widget-wrap elementor-element-populated\">\n\t\t\t\t\t\t<div class=\"elementor-element elementor-element-739fe64 sc_fly_static elementor-widget elementor-widget-heading\" data-id=\"739fe64\" data-element_type=\"widget\" data-widget_type=\"heading.default\">\n\t\t\t\t<div class=\"elementor-widget-container\">\n\t\t\t\t\t<h5 class=\"elementor-heading-title elementor-size-default\">EFKAR ET ENTEGRE SAN. VE T\u0130C. LTD. \u015eT\u0130. olarak;<\/h5>\t\t\t\t<\/div>\n\t\t\t\t<\/div>\n\t\t\t\t<div class=\"elementor-element elementor-element-4268825 elementor-icon-list--layout-traditional elementor-list-item-link-full_width sc_fly_static elementor-widget elementor-widget-icon-list\" data-id=\"4268825\" data-element_type=\"widget\" data-widget_type=\"icon-list.default\">\n\t\t\t\t<div class=\"elementor-widget-container\">\n\t\t\t\t\t\t\t<ul class=\"elementor-icon-list-items\">\n\t\t\t\t\t\t\t<li class=\"elementor-icon-list-item\">\n\t\t\t\t\t\t\t\t\t\t\t<span class=\"elementor-icon-list-icon\">\n\t\t\t\t\t\t\t<i aria-hidden=\"true\" class=\"fas fa-check\"><\/i>\t\t\t\t\t\t<\/span>\n\t\t\t\t\t\t\t\t\t\t<span class=\"elementor-icon-list-text\">T\u00fcketici sa\u011fl\u0131\u011f\u0131n\u0131, \u00fcr\u00fcnlerimizin temizli\u011fini ve g\u00fcvenilirli\u011fini artt\u0131rarak korumak,<\/span>\n\t\t\t\t\t\t\t\t\t<\/li>\n\t\t\t\t\t\t\t\t<li class=\"elementor-icon-list-item\">\n\t\t\t\t\t\t\t\t\t\t\t<span class=\"elementor-icon-list-icon\">\n\t\t\t\t\t\t\t<i aria-hidden=\"true\" class=\"fas fa-check\"><\/i>\t\t\t\t\t\t<\/span>\n\t\t\t\t\t\t\t\t\t\t<span class=\"elementor-icon-list-text\">M\u00fc\u015fterilerimizin memnuniyetini artt\u0131rmak i\u00e7in \u00e7al\u0131\u015fmak,<\/span>\n\t\t\t\t\t\t\t\t\t<\/li>\n\t\t\t\t\t\t\t\t<li class=\"elementor-icon-list-item\">\n\t\t\t\t\t\t\t\t\t\t\t<span class=\"elementor-icon-list-icon\">\n\t\t\t\t\t\t\t<i aria-hidden=\"true\" class=\"fas fa-check\"><\/i>\t\t\t\t\t\t<\/span>\n\t\t\t\t\t\t\t\t\t\t<span class=\"elementor-icon-list-text\">Yasal ve d\u00fczenleyici t\u00fcm \u015fartlara uymak,<\/span>\n\t\t\t\t\t\t\t\t\t<\/li>\n\t\t\t\t\t\t\t\t<li class=\"elementor-icon-list-item\">\n\t\t\t\t\t\t\t\t\t\t\t<span class=\"elementor-icon-list-icon\">\n\t\t\t\t\t\t\t<i aria-hidden=\"true\" class=\"fas fa-check\"><\/i>\t\t\t\t\t\t<\/span>\n\t\t\t\t\t\t\t\t\t\t<span class=\"elementor-icon-list-text\">S\u00fcrekli daha iyiyi hedefleyerek geli\u015fmek ve geli\u015ftirmek,<\/span>\n\t\t\t\t\t\t\t\t\t<\/li>\n\t\t\t\t\t\t\t\t<li class=\"elementor-icon-list-item\">\n\t\t\t\t\t\t\t\t\t\t\t<span class=\"elementor-icon-list-icon\">\n\t\t\t\t\t\t\t<i aria-hidden=\"true\" class=\"fas fa-check\"><\/i>\t\t\t\t\t\t<\/span>\n\t\t\t\t\t\t\t\t\t\t<span class=\"elementor-icon-list-text\">Otantisite risklerini dikkate alarak taklit ve ta\u011f\u015fi\u015f de\u011ferlendirmesini yaparak \u00f6zg\u00fcn \u00fcr\u00fcn \u00fcretimini sa\u011flamak,<\/span>\n\t\t\t\t\t\t\t\t\t<\/li>\n\t\t\t\t\t\t\t\t<li class=\"elementor-icon-list-item\">\n\t\t\t\t\t\t\t\t\t\t\t<span class=\"elementor-icon-list-icon\">\n\t\t\t\t\t\t\t<i aria-hidden=\"true\" class=\"fas fa-check\"><\/i>\t\t\t\t\t\t<\/span>\n\t\t\t\t\t\t\t\t\t\t<span class=\"elementor-icon-list-text\">Olas\u0131 durumlarda g\u0131dalar\u0131n savunulmas\u0131 i\u00e7in gerekli tedbirleri al\u0131p iyile\u015ftirilmesini sa\u011flamak,\u00a0<\/span>\n\t\t\t\t\t\t\t\t\t<\/li>\n\t\t\t\t\t\t\t\t<li class=\"elementor-icon-list-item\">\n\t\t\t\t\t\t\t\t\t\t\t<span class=\"elementor-icon-list-icon\">\n\t\t\t\t\t\t\t<i aria-hidden=\"true\" class=\"fas fa-check\"><\/i>\t\t\t\t\t\t<\/span>\n\t\t\t\t\t\t\t\t\t\t<span class=\"elementor-icon-list-text\">Topluma ve \u00e7evreye olan y\u00fck\u00fcml\u00fcl\u00fcklerimizi yerine getirmek,<\/span>\n\t\t\t\t\t\t\t\t\t<\/li>\n\t\t\t\t\t\t\t\t<li class=\"elementor-icon-list-item\">\n\t\t\t\t\t\t\t\t\t\t\t<span class=\"elementor-icon-list-icon\">\n\t\t\t\t\t\t\t<i aria-hidden=\"true\" class=\"fas fa-check\"><\/i>\t\t\t\t\t\t<\/span>\n\t\t\t\t\t\t\t\t\t\t<span class=\"elementor-icon-list-text\">\u0130nsan sa\u011fl\u0131\u011f\u0131n\u0131 koruyup, g\u00fcvence alt\u0131na almak i\u00e7in y\u00fcksek teknolojiyi kullanarak azami hijyen kurallar\u0131 \u00e7er\u00e7evesinde \u00fcretim yapmak,<\/span>\n\t\t\t\t\t\t\t\t\t<\/li>\n\t\t\t\t\t\t\t\t<li class=\"elementor-icon-list-item\">\n\t\t\t\t\t\t\t\t\t\t\t<span class=\"elementor-icon-list-icon\">\n\t\t\t\t\t\t\t<i aria-hidden=\"true\" class=\"fas fa-check\"><\/i>\t\t\t\t\t\t<\/span>\n\t\t\t\t\t\t\t\t\t\t<span class=\"elementor-icon-list-text\">Do\u011fal ve \u015firkete ait kaynaklar\u0131 en iyi \u015fekilde kullanmak ve \u00e7evreyi korumak,<\/span>\n\t\t\t\t\t\t\t\t\t<\/li>\n\t\t\t\t\t\t\t\t<li class=\"elementor-icon-list-item\">\n\t\t\t\t\t\t\t\t\t\t\t<span class=\"elementor-icon-list-icon\">\n\t\t\t\t\t\t\t<i aria-hidden=\"true\" class=\"fas fa-check\"><\/i>\t\t\t\t\t\t<\/span>\n\t\t\t\t\t\t\t\t\t\t<span class=\"elementor-icon-list-text\">\u00dcr\u00fcn ve \u00fcretim kalitemiz ile uyumlu e\u011fitim ve denetimlerle tedarik\u00e7ilerimize ve \u00e7al\u0131\u015fanlar\u0131m\u0131za g\u0131da g\u00fcvenli\u011fi k\u00fclt\u00fcr\u00fc bilincini yerle\u015ftirmek,<\/span>\n\t\t\t\t\t\t\t\t\t<\/li>\n\t\t\t\t\t\t\t\t<li class=\"elementor-icon-list-item\">\n\t\t\t\t\t\t\t\t\t\t\t<span class=\"elementor-icon-list-icon\">\n\t\t\t\t\t\t\t<i aria-hidden=\"true\" class=\"fas fa-check\"><\/i>\t\t\t\t\t\t<\/span>\n\t\t\t\t\t\t\t\t\t\t<span class=\"elementor-icon-list-text\">\u0130\u015fyeri i\u00e7erisinde \u00e7al\u0131\u015fanlar\u0131m\u0131z\u0131n \u00f6zl\u00fck haklar\u0131na sayg\u0131 g\u00f6sterilmesini sa\u011flayarak sevgi, sayg\u0131 ve etik kurallar \u00e7er\u00e7evesinde bir tak\u0131m olmak,<\/span>\n\t\t\t\t\t\t\t\t\t<\/li>\n\t\t\t\t\t\t\t\t<li class=\"elementor-icon-list-item\">\n\t\t\t\t\t\t\t\t\t\t\t<span class=\"elementor-icon-list-icon\">\n\t\t\t\t\t\t\t<i aria-hidden=\"true\" class=\"fas fa-check\"><\/i>\t\t\t\t\t\t<\/span>\n\t\t\t\t\t\t\t\t\t\t<span class=\"elementor-icon-list-text\">\u00c7al\u0131\u015fanlar\u0131m\u0131z\u0131n ki\u015fisel becerilerini artt\u0131racak uygun \u00e7al\u0131\u015fma alanlar\u0131 olu\u015fturarak, kalite ve g\u0131da g\u00fcvenli\u011fi y\u00f6netim sistemimizin gereklilikleri ile ilgili olarak g\u0131da g\u00fcvenli\u011fi k\u00fclt\u00fcr\u00fc \u00e7er\u00e7evesinde kat\u0131l\u0131m ve desteklerini sa\u011flamakt\u0131r.<\/span>\n\t\t\t\t\t\t\t\t\t<\/li>\n\t\t\t\t\t\t<\/ul>\n\t\t\t\t\t\t<\/div>\n\t\t\t\t<\/div>\n\t\t\t\t\t<\/div>\n\t\t<\/div>\n\t\t\t\t<div class=\"elementor-column elementor-col-50 elementor-top-column elementor-element elementor-element-1dc63d3 sc_content_align_inherit sc_layouts_column_icons_position_left sc_fly_static\" data-id=\"1dc63d3\" data-element_type=\"column\">\n\t\t\t<div class=\"elementor-widget-wrap elementor-element-populated\">\n\t\t\t\t\t\t<div class=\"elementor-element elementor-element-7b2d2f7 sc_fly_static elementor-widget elementor-widget-image\" data-id=\"7b2d2f7\" data-element_type=\"widget\" data-widget_type=\"image.default\">\n\t\t\t\t<div class=\"elementor-widget-container\">\n\t\t\t\t\t\t\t\t\t\t\t\t\t\t\t<img fetchpriority=\"high\" decoding=\"async\" width=\"1024\" height=\"683\" src=\"https:\/\/efkar.com.tr\/wp-content\/uploads\/2025\/10\/kalite-ve-gida-guvenligi-1024x683.jpeg\" class=\"attachment-large size-large wp-image-58270\" alt=\"\" srcset=\"https:\/\/efkar.com.tr\/wp-content\/uploads\/2025\/10\/kalite-ve-gida-guvenligi-1024x683.jpeg 1024w, https:\/\/efkar.com.tr\/wp-content\/uploads\/2025\/10\/kalite-ve-gida-guvenligi-300x200.jpeg 300w, https:\/\/efkar.com.tr\/wp-content\/uploads\/2025\/10\/kalite-ve-gida-guvenligi-768x512.jpeg 768w, https:\/\/efkar.com.tr\/wp-content\/uploads\/2025\/10\/kalite-ve-gida-guvenligi-18x12.jpeg 18w, https:\/\/efkar.com.tr\/wp-content\/uploads\/2025\/10\/kalite-ve-gida-guvenligi-370x247.jpeg 370w, https:\/\/efkar.com.tr\/wp-content\/uploads\/2025\/10\/kalite-ve-gida-guvenligi-840x560.jpeg 840w, https:\/\/efkar.com.tr\/wp-content\/uploads\/2025\/10\/kalite-ve-gida-guvenligi-410x273.jpeg 410w, https:\/\/efkar.com.tr\/wp-content\/uploads\/2025\/10\/kalite-ve-gida-guvenligi.jpeg 1200w\" sizes=\"(max-width: 1024px) 100vw, 1024px\" \/>\t\t\t\t\t\t\t\t\t\t\t\t\t\t\t<\/div>\n\t\t\t\t<\/div>\n\t\t\t\t\t<\/div>\n\t\t<\/div>\n\t\t\t\t\t<\/div>\n\t\t<\/section>\n\t\t\t\t<\/div>","protected":false},"excerpt":{"rendered":"<p>EFKAR ET ENTEGRE SAN. VE T\u0130C. LTD. \u015eT\u0130. olarak; T\u00fcketici sa\u011fl\u0131\u011f\u0131n\u0131, \u00fcr\u00fcnlerimizin temizli\u011fini ve g\u00fcvenilirli\u011fini artt\u0131rarak korumak, M\u00fc\u015fterilerimizin memnuniyetini artt\u0131rmak i\u00e7in \u00e7al\u0131\u015fmak, Yasal ve d\u00fczenleyici t\u00fcm \u015fartlara uymak, S\u00fcrekli daha&hellip;<\/p>","protected":false},"author":1,"featured_media":58095,"parent":0,"menu_order":0,"comment_status":"closed","ping_status":"closed","template":"","meta":{"footnotes":""},"class_list":["post-58106","page","type-page","status-publish","has-post-thumbnail","hentry"],"_links":{"self":[{"href":"https:\/\/efkar.com.tr\/en\/wp-json\/wp\/v2\/pages\/58106","targetHints":{"allow":["GET"]}}],"collection":[{"href":"https:\/\/efkar.com.tr\/en\/wp-json\/wp\/v2\/pages"}],"about":[{"href":"https:\/\/efkar.com.tr\/en\/wp-json\/wp\/v2\/types\/page"}],"author":[{"embeddable":true,"href":"https:\/\/efkar.com.tr\/en\/wp-json\/wp\/v2\/users\/1"}],"replies":[{"embeddable":true,"href":"https:\/\/efkar.com.tr\/en\/wp-json\/wp\/v2\/comments?post=58106"}],"version-history":[{"count":6,"href":"https:\/\/efkar.com.tr\/en\/wp-json\/wp\/v2\/pages\/58106\/revisions"}],"predecessor-version":[{"id":58280,"href":"https:\/\/efkar.com.tr\/en\/wp-json\/wp\/v2\/pages\/58106\/revisions\/58280"}],"wp:featuredmedia":[{"embeddable":true,"href":"https:\/\/efkar.com.tr\/en\/wp-json\/wp\/v2\/media\/58095"}],"wp:attachment":[{"href":"https:\/\/efkar.com.tr\/en\/wp-json\/wp\/v2\/media?parent=58106"}],"curies":[{"name":"wp","href":"https:\/\/api.w.org\/{rel}","templated":true}]}}