{"id":58039,"date":"2025-09-25T09:08:02","date_gmt":"2025-09-25T09:08:02","guid":{"rendered":"https:\/\/efkar.kroppalab.com\/?page_id=58039"},"modified":"2025-10-01T08:53:49","modified_gmt":"2025-10-01T08:53:49","slug":"helal-kesim","status":"publish","type":"page","link":"https:\/\/efkar.com.tr\/en\/helal-kesim\/","title":{"rendered":"Helal Kesim"},"content":{"rendered":"<div data-elementor-type=\"wp-page\" data-elementor-id=\"58039\" class=\"elementor elementor-58039\" data-elementor-post-type=\"page\">\n\t\t\t\t\t\t<section class=\"elementor-section elementor-top-section elementor-element elementor-element-e308e28 elementor-section-boxed elementor-section-height-default elementor-section-height-default sc_fly_static\" data-id=\"e308e28\" data-element_type=\"section\">\n\t\t\t\t\t\t<div class=\"elementor-container elementor-column-gap-extended\">\n\t\t\t\t\t<div class=\"elementor-column elementor-col-100 elementor-top-column elementor-element elementor-element-9b4a268 sc_content_align_inherit sc_layouts_column_icons_position_left sc_fly_static\" data-id=\"9b4a268\" data-element_type=\"column\">\n\t\t\t<div class=\"elementor-widget-wrap elementor-element-populated\">\n\t\t\t\t\t\t<div class=\"elementor-element elementor-element-6c21e18 sc_fly_static elementor-widget elementor-widget-text-editor\" data-id=\"6c21e18\" data-element_type=\"widget\" data-widget_type=\"text-editor.default\">\n\t\t\t\t<div class=\"elementor-widget-container\">\n\t\t\t\t\t\t\t\t\t<p><span style=\"font-weight: 400;\">TSE Helal belgesine sahip Efkar Et Entegre Tesisimizde, kesimlerimiz veteriner hekimlerin kontrol\u00fcnde ve \u0130slami \u015fartlara uygun olarak uzman kasaplar\u0131m\u0131z taraf\u0131ndan titizlikle ger\u00e7ekle\u015ftirilmektedir.<\/span><\/p>\t\t\t\t\t\t\t\t<\/div>\n\t\t\t\t<\/div>\n\t\t\t\t<div class=\"elementor-element elementor-element-58b7d72 sc_fly_static elementor-widget elementor-widget-image\" data-id=\"58b7d72\" data-element_type=\"widget\" data-widget_type=\"image.default\">\n\t\t\t\t<div class=\"elementor-widget-container\">\n\t\t\t\t\t\t\t\t\t\t\t\t\t\t\t<img fetchpriority=\"high\" decoding=\"async\" width=\"718\" height=\"1024\" src=\"https:\/\/efkar.com.tr\/wp-content\/uploads\/2025\/09\/helal_belgesi-718x1024.png\" class=\"attachment-large size-large wp-image-57935\" alt=\"\" srcset=\"https:\/\/efkar.com.tr\/wp-content\/uploads\/2025\/09\/helal_belgesi-718x1024.png 718w, https:\/\/efkar.com.tr\/wp-content\/uploads\/2025\/09\/helal_belgesi-210x300.png 210w, https:\/\/efkar.com.tr\/wp-content\/uploads\/2025\/09\/helal_belgesi-768x1095.png 768w, https:\/\/efkar.com.tr\/wp-content\/uploads\/2025\/09\/helal_belgesi-370x528.png 370w, https:\/\/efkar.com.tr\/wp-content\/uploads\/2025\/09\/helal_belgesi-410x585.png 410w, https:\/\/efkar.com.tr\/wp-content\/uploads\/2025\/09\/helal_belgesi.png 800w\" sizes=\"(max-width: 718px) 100vw, 718px\" \/>\t\t\t\t\t\t\t\t\t\t\t\t\t\t\t<\/div>\n\t\t\t\t<\/div>\n\t\t\t\t\t<\/div>\n\t\t<\/div>\n\t\t\t\t\t<\/div>\n\t\t<\/section>\n\t\t\t\t<\/div>","protected":false},"excerpt":{"rendered":"<p>TSE Helal belgesine sahip Efkar Et Entegre Tesisimizde, kesimlerimiz veteriner hekimlerin kontrol\u00fcnde ve \u0130slami \u015fartlara uygun olarak uzman kasaplar\u0131m\u0131z taraf\u0131ndan titizlikle ger\u00e7ekle\u015ftirilmektedir.<\/p>","protected":false},"author":1,"featured_media":58090,"parent":0,"menu_order":0,"comment_status":"closed","ping_status":"closed","template":"","meta":{"footnotes":""},"class_list":["post-58039","page","type-page","status-publish","has-post-thumbnail","hentry"],"_links":{"self":[{"href":"https:\/\/efkar.com.tr\/en\/wp-json\/wp\/v2\/pages\/58039","targetHints":{"allow":["GET"]}}],"collection":[{"href":"https:\/\/efkar.com.tr\/en\/wp-json\/wp\/v2\/pages"}],"about":[{"href":"https:\/\/efkar.com.tr\/en\/wp-json\/wp\/v2\/types\/page"}],"author":[{"embeddable":true,"href":"https:\/\/efkar.com.tr\/en\/wp-json\/wp\/v2\/users\/1"}],"replies":[{"embeddable":true,"href":"https:\/\/efkar.com.tr\/en\/wp-json\/wp\/v2\/comments?post=58039"}],"version-history":[{"count":4,"href":"https:\/\/efkar.com.tr\/en\/wp-json\/wp\/v2\/pages\/58039\/revisions"}],"predecessor-version":[{"id":58043,"href":"https:\/\/efkar.com.tr\/en\/wp-json\/wp\/v2\/pages\/58039\/revisions\/58043"}],"wp:featuredmedia":[{"embeddable":true,"href":"https:\/\/efkar.com.tr\/en\/wp-json\/wp\/v2\/media\/58090"}],"wp:attachment":[{"href":"https:\/\/efkar.com.tr\/en\/wp-json\/wp\/v2\/media?parent=58039"}],"curies":[{"name":"wp","href":"https:\/\/api.w.org\/{rel}","templated":true}]}}