{"id":58009,"date":"2025-09-25T08:47:51","date_gmt":"2025-09-25T08:47:51","guid":{"rendered":"https:\/\/efkar.kroppalab.com\/?page_id=58009"},"modified":"2025-10-31T10:55:20","modified_gmt":"2025-10-31T10:55:20","slug":"cevre-politikasi","status":"publish","type":"page","link":"https:\/\/efkar.com.tr\/en\/cevre-politikasi\/","title":{"rendered":"\u00c7evre Politikas\u0131"},"content":{"rendered":"<div data-elementor-type=\"wp-page\" data-elementor-id=\"58009\" class=\"elementor elementor-58009\" data-elementor-post-type=\"page\">\n\t\t\t\t\t\t<section class=\"elementor-section elementor-top-section elementor-element elementor-element-10ce5ab elementor-section-boxed elementor-section-height-default elementor-section-height-default sc_fly_static\" data-id=\"10ce5ab\" data-element_type=\"section\">\n\t\t\t\t\t\t<div class=\"elementor-container elementor-column-gap-extended\">\n\t\t\t\t\t<div class=\"elementor-column elementor-col-100 elementor-top-column elementor-element elementor-element-8e5e4e8 sc_content_align_inherit sc_layouts_column_icons_position_left sc_fly_static\" data-id=\"8e5e4e8\" data-element_type=\"column\">\n\t\t\t<div class=\"elementor-widget-wrap elementor-element-populated\">\n\t\t\t\t\t\t<div class=\"elementor-element elementor-element-6c21e18 sc_fly_static elementor-widget elementor-widget-text-editor\" data-id=\"6c21e18\" data-element_type=\"widget\" data-widget_type=\"text-editor.default\">\n\t\t\t\t<div class=\"elementor-widget-container\">\n\t\t\t\t\t\t\t\t\t<p><span style=\"font-weight: 400;\">\u015eirketimiz, \u00e7evreye ve topluma olan sorumluluk bilinciyle hareket eder. T\u00fcm faaliyetlerimizde enerji ve kaynak verimlili\u011fini art\u0131rmay\u0131, at\u0131klar\u0131 minimize etmeyi ve yenilik\u00e7i \u00e7evre dostu \u00e7\u00f6z\u00fcmler geli\u015ftirmeyi ama\u00e7l\u0131yoruz. Bu yakla\u015f\u0131m, s\u00fcrd\u00fcr\u00fclebilir bir gelecek in\u015fa etme vizyonumuzla uyumlu \u015fekilde, hem topluma hem \u00e7evreye duydu\u011fumuz sorumlulu\u011fun bir ifadesidir.<\/span><\/p>\t\t\t\t\t\t\t\t<\/div>\n\t\t\t\t<\/div>\n\t\t\t\t\t<\/div>\n\t\t<\/div>\n\t\t\t\t\t<\/div>\n\t\t<\/section>\n\t\t\t\t<section class=\"elementor-section elementor-top-section elementor-element elementor-element-e308e28 elementor-section-boxed elementor-section-height-default elementor-section-height-default sc_fly_static\" data-id=\"e308e28\" data-element_type=\"section\">\n\t\t\t\t\t\t<div class=\"elementor-container elementor-column-gap-extended\">\n\t\t\t\t\t<div class=\"elementor-column elementor-col-50 elementor-top-column elementor-element elementor-element-9b4a268 sc_content_align_inherit sc_layouts_column_icons_position_left sc_fly_static\" data-id=\"9b4a268\" data-element_type=\"column\">\n\t\t\t<div class=\"elementor-widget-wrap elementor-element-populated\">\n\t\t\t\t\t\t<div class=\"elementor-element elementor-element-fe1b38b sc_fly_static elementor-widget elementor-widget-heading\" data-id=\"fe1b38b\" data-element_type=\"widget\" data-widget_type=\"heading.default\">\n\t\t\t\t<div class=\"elementor-widget-container\">\n\t\t\t\t\t<h5 class=\"elementor-heading-title elementor-size-default\"><b>Ar\u0131tma Tesisi<\/b><\/h5>\t\t\t\t<\/div>\n\t\t\t\t<\/div>\n\t\t\t\t<div class=\"elementor-element elementor-element-f2df182 sc_fly_static elementor-widget elementor-widget-text-editor\" data-id=\"f2df182\" data-element_type=\"widget\" data-widget_type=\"text-editor.default\">\n\t\t\t\t<div class=\"elementor-widget-container\">\n\t\t\t\t\t\t\t\t\t<p><span style=\"font-weight: 400;\">Tesisimizde t\u00fcm \u00fcretim s\u00fcre\u00e7lerinden kaynaklanan at\u0131k sular, modern ar\u0131tma sistemlerimizle \u00e7evreye zarar vermeyecek \u015fekilde i\u015flenmektedir. Bu uygulama sayesinde hem do\u011fal kaynaklar\u0131m\u0131z korunmakta hem de \u00e7evre dostu \u00fcretim yakla\u015f\u0131m\u0131m\u0131z kesintisiz olarak s\u00fcrd\u00fcr\u00fclmektedir<\/span><\/p>\t\t\t\t\t\t\t\t<\/div>\n\t\t\t\t<\/div>\n\t\t\t\t<div class=\"elementor-element elementor-element-ef504bf sc_fly_static elementor-widget elementor-widget-heading\" data-id=\"ef504bf\" data-element_type=\"widget\" data-widget_type=\"heading.default\">\n\t\t\t\t<div class=\"elementor-widget-container\">\n\t\t\t\t\t<h5 class=\"elementor-heading-title elementor-size-default\"><b>G\u00fcne\u015f Enerji Santrali<\/b><\/h5>\t\t\t\t<\/div>\n\t\t\t\t<\/div>\n\t\t\t\t<div class=\"elementor-element elementor-element-38d8c82 sc_fly_static elementor-widget elementor-widget-text-editor\" data-id=\"38d8c82\" data-element_type=\"widget\" data-widget_type=\"text-editor.default\">\n\t\t\t\t<div class=\"elementor-widget-container\">\n\t\t\t\t\t\t\t\t\t<p><span style=\"font-weight: 400;\">\u00dcretim s\u00fcre\u00e7lerimizde kullan\u0131lan enerjinin \u00f6nemli bir k\u0131sm\u0131n\u0131 kendi g\u00fcne\u015f enerji santralimizden temin ediyoruz. Yenilenebilir enerjiye yapt\u0131\u011f\u0131m\u0131z bu yat\u0131r\u0131m sayesinde karbon ayak izimizi azalt\u0131yor ve s\u00fcrd\u00fcr\u00fclebilir bir gelece\u011fe katk\u0131da bulunuyoruz<\/span><\/p>\t\t\t\t\t\t\t\t<\/div>\n\t\t\t\t<\/div>\n\t\t\t\t<div class=\"elementor-element elementor-element-35baa51 sc_fly_static elementor-widget elementor-widget-heading\" data-id=\"35baa51\" data-element_type=\"widget\" data-widget_type=\"heading.default\">\n\t\t\t\t<div class=\"elementor-widget-container\">\n\t\t\t\t\t<h5 class=\"elementor-heading-title elementor-size-default\"><b>\u00dcretimde Kullan\u0131lan Su Kalitesi<\/b><\/h5>\t\t\t\t<\/div>\n\t\t\t\t<\/div>\n\t\t\t\t<div class=\"elementor-element elementor-element-77e8389 sc_fly_static elementor-widget elementor-widget-text-editor\" data-id=\"77e8389\" data-element_type=\"widget\" data-widget_type=\"text-editor.default\">\n\t\t\t\t<div class=\"elementor-widget-container\">\n\t\t\t\t\t\t\t\t\t<p><span style=\"font-weight: 400;\">\u00dcretimde kulland\u0131\u011f\u0131m\u0131z su, uluslararas\u0131 standartlara uygun olarak s\u00fcrekli denetlenmekte ve y\u00fcksek kalite kriterlerini kar\u015f\u0131lamaktad\u0131r. Bu sayede hem \u00fcr\u00fcn g\u00fcvenli\u011fini sa\u011fl\u0131yor hem de \u00e7evreye duyarl\u0131 \u00fcretim anlay\u0131\u015f\u0131m\u0131z\u0131 g\u00fcvence alt\u0131na al\u0131yoruz.<\/span><\/p>\t\t\t\t\t\t\t\t<\/div>\n\t\t\t\t<\/div>\n\t\t\t\t\t<\/div>\n\t\t<\/div>\n\t\t\t\t<div class=\"elementor-column elementor-col-50 elementor-top-column elementor-element elementor-element-2c6e208 sc_content_align_inherit sc_layouts_column_icons_position_left sc_fly_static\" data-id=\"2c6e208\" data-element_type=\"column\">\n\t\t\t<div class=\"elementor-widget-wrap elementor-element-populated\">\n\t\t\t\t\t\t<div class=\"elementor-element elementor-element-3e11dbe sc_fly_static elementor-widget elementor-widget-image\" data-id=\"3e11dbe\" data-element_type=\"widget\" data-widget_type=\"image.default\">\n\t\t\t\t<div class=\"elementor-widget-container\">\n\t\t\t\t\t\t\t\t\t\t\t\t\t\t\t<img fetchpriority=\"high\" decoding=\"async\" width=\"1024\" height=\"683\" src=\"https:\/\/efkar.com.tr\/wp-content\/uploads\/2025\/10\/cevre-politikasi-1024x683.jpeg\" class=\"attachment-large size-large wp-image-58268\" alt=\"\" srcset=\"https:\/\/efkar.com.tr\/wp-content\/uploads\/2025\/10\/cevre-politikasi-1024x683.jpeg 1024w, https:\/\/efkar.com.tr\/wp-content\/uploads\/2025\/10\/cevre-politikasi-300x200.jpeg 300w, https:\/\/efkar.com.tr\/wp-content\/uploads\/2025\/10\/cevre-politikasi-768x512.jpeg 768w, https:\/\/efkar.com.tr\/wp-content\/uploads\/2025\/10\/cevre-politikasi-18x12.jpeg 18w, https:\/\/efkar.com.tr\/wp-content\/uploads\/2025\/10\/cevre-politikasi-370x247.jpeg 370w, https:\/\/efkar.com.tr\/wp-content\/uploads\/2025\/10\/cevre-politikasi-840x560.jpeg 840w, https:\/\/efkar.com.tr\/wp-content\/uploads\/2025\/10\/cevre-politikasi-410x273.jpeg 410w, https:\/\/efkar.com.tr\/wp-content\/uploads\/2025\/10\/cevre-politikasi.jpeg 1200w\" sizes=\"(max-width: 1024px) 100vw, 1024px\" \/>\t\t\t\t\t\t\t\t\t\t\t\t\t\t\t<\/div>\n\t\t\t\t<\/div>\n\t\t\t\t\t<\/div>\n\t\t<\/div>\n\t\t\t\t\t<\/div>\n\t\t<\/section>\n\t\t\t\t<\/div>","protected":false},"excerpt":{"rendered":"<p>\u015eirketimiz, \u00e7evreye ve topluma olan sorumluluk bilinciyle hareket eder. T\u00fcm faaliyetlerimizde enerji ve kaynak verimlili\u011fini art\u0131rmay\u0131, at\u0131klar\u0131 minimize etmeyi ve yenilik\u00e7i \u00e7evre dostu \u00e7\u00f6z\u00fcmler geli\u015ftirmeyi ama\u00e7l\u0131yoruz. Bu yakla\u015f\u0131m, s\u00fcrd\u00fcr\u00fclebilir bir&hellip;<\/p>","protected":false},"author":1,"featured_media":58086,"parent":0,"menu_order":0,"comment_status":"closed","ping_status":"closed","template":"","meta":{"footnotes":""},"class_list":["post-58009","page","type-page","status-publish","has-post-thumbnail","hentry"],"_links":{"self":[{"href":"https:\/\/efkar.com.tr\/en\/wp-json\/wp\/v2\/pages\/58009","targetHints":{"allow":["GET"]}}],"collection":[{"href":"https:\/\/efkar.com.tr\/en\/wp-json\/wp\/v2\/pages"}],"about":[{"href":"https:\/\/efkar.com.tr\/en\/wp-json\/wp\/v2\/types\/page"}],"author":[{"embeddable":true,"href":"https:\/\/efkar.com.tr\/en\/wp-json\/wp\/v2\/users\/1"}],"replies":[{"embeddable":true,"href":"https:\/\/efkar.com.tr\/en\/wp-json\/wp\/v2\/comments?post=58009"}],"version-history":[{"count":10,"href":"https:\/\/efkar.com.tr\/en\/wp-json\/wp\/v2\/pages\/58009\/revisions"}],"predecessor-version":[{"id":58277,"href":"https:\/\/efkar.com.tr\/en\/wp-json\/wp\/v2\/pages\/58009\/revisions\/58277"}],"wp:featuredmedia":[{"embeddable":true,"href":"https:\/\/efkar.com.tr\/en\/wp-json\/wp\/v2\/media\/58086"}],"wp:attachment":[{"href":"https:\/\/efkar.com.tr\/en\/wp-json\/wp\/v2\/media?parent=58009"}],"curies":[{"name":"wp","href":"https:\/\/api.w.org\/{rel}","templated":true}]}}