{"id":58001,"date":"2025-09-25T08:46:35","date_gmt":"2025-09-25T08:46:35","guid":{"rendered":"https:\/\/efkar.kroppalab.com\/?page_id=58001"},"modified":"2025-11-07T09:24:26","modified_gmt":"2025-11-07T09:24:26","slug":"tesislerimiz","status":"publish","type":"page","link":"https:\/\/efkar.com.tr\/en\/tesislerimiz\/","title":{"rendered":"Tesislerimiz"},"content":{"rendered":"<div data-elementor-type=\"wp-page\" data-elementor-id=\"58001\" class=\"elementor elementor-58001\" data-elementor-post-type=\"page\">\n\t\t\t\t\t\t<section class=\"elementor-section elementor-top-section elementor-element elementor-element-e308e28 elementor-section-boxed elementor-section-height-default elementor-section-height-default sc_fly_static\" data-id=\"e308e28\" data-element_type=\"section\">\n\t\t\t\t\t\t<div class=\"elementor-container elementor-column-gap-extended\">\n\t\t\t\t\t<div class=\"elementor-column elementor-col-100 elementor-top-column elementor-element elementor-element-9b4a268 sc_content_align_inherit sc_layouts_column_icons_position_left sc_fly_static\" data-id=\"9b4a268\" data-element_type=\"column\">\n\t\t\t<div class=\"elementor-widget-wrap elementor-element-populated\">\n\t\t\t\t\t\t<div class=\"elementor-element elementor-element-6c21e18 sc_fly_static elementor-widget elementor-widget-text-editor\" data-id=\"6c21e18\" data-element_type=\"widget\" data-widget_type=\"text-editor.default\">\n\t\t\t\t<div class=\"elementor-widget-container\">\n\t\t\t\t\t\t\t\t\t<p><span style=\"font-weight: 400;\">Efkar Et olarak, modern teknolojilerle donat\u0131lm\u0131\u015f entegre tesisimizde \u00fcretim s\u00fcre\u00e7lerimizi en y\u00fcksek kalite standartlar\u0131na uygun \u015fekilde y\u00fcr\u00fct\u00fcyoruz. Tesisimizde kesimden i\u015fleme, paketlemeden depolamaya kadar t\u00fcm a\u015famalar, uluslararas\u0131 g\u0131da g\u00fcvenli\u011fi ve hijyen kriterleri g\u00f6zetilerek titizlikle ger\u00e7ekle\u015ftirilmektedir. Bu sayede t\u00fcketicilerimize g\u00fcvenilir, sa\u011fl\u0131kl\u0131 ve lezzetli et \u00fcr\u00fcnleri sunuyoruz.<\/span><\/p>\t\t\t\t\t\t\t\t<\/div>\n\t\t\t\t<\/div>\n\t\t\t\t<div class=\"elementor-element elementor-element-09680d9 sc_fly_static elementor-widget elementor-widget-text-editor\" data-id=\"09680d9\" data-element_type=\"widget\" data-widget_type=\"text-editor.default\">\n\t\t\t\t<div class=\"elementor-widget-container\">\n\t\t\t\t\t\t\t\t\t<p><span style=\"font-weight: 400;\">Tesisimizin altyap\u0131s\u0131, hem verimlili\u011fi art\u0131racak hem de s\u00fcrd\u00fcr\u00fclebilirli\u011fi destekleyecek \u015fekilde tasarlanm\u0131\u015ft\u0131r. Geli\u015fmi\u015f \u00fcretim hatlar\u0131m\u0131z sayesinde, \u00fcr\u00fcnlerin tazeli\u011fi korunmakta ve kalite kontrol s\u00fcre\u00e7leri d\u00fczenli olarak takip edilmektedir. Ayr\u0131ca \u00e7evreye duyarl\u0131 \u00fcretim anlay\u0131\u015f\u0131m\u0131z do\u011frultusunda, at\u0131k y\u00f6netimi ve enerji verimlili\u011fi konular\u0131nda yenilik\u00e7i uygulamalar hayata ge\u00e7irilmektedir.<\/span><\/p>\t\t\t\t\t\t\t\t<\/div>\n\t\t\t\t<\/div>\n\t\t\t\t<div class=\"elementor-element elementor-element-4c423c6 sc_fly_static elementor-widget elementor-widget-text-editor\" data-id=\"4c423c6\" data-element_type=\"widget\" data-widget_type=\"text-editor.default\">\n\t\t\t\t<div class=\"elementor-widget-container\">\n\t\t\t\t\t\t\t\t\t<p><span style=\"font-weight: 400;\">Efkar Et, g\u00fc\u00e7l\u00fc \u00fcretim kapasitesi ve entegre yap\u0131s\u0131 ile sekt\u00f6r\u00fcnde g\u00fcvenilir bir marka olmay\u0131 s\u00fcrd\u00fcrmektedir. \u201c\u00c7iftlikten sofraya g\u00fcven\u201d ilkesiyle hareket eden firmam\u0131z, sadece \u00fcr\u00fcn kalitesiyle de\u011fil; ayn\u0131 zamanda \u015feffaf \u00fcretim s\u00fcre\u00e7leri, \u00e7evre politikas\u0131 ve s\u00fcrd\u00fcr\u00fclebilirlik vizyonuyla da gelece\u011fe de\u011fer katmaktad\u0131r.<\/span><\/p>\t\t\t\t\t\t\t\t<\/div>\n\t\t\t\t<\/div>\n\t\t\t\t\t<\/div>\n\t\t<\/div>\n\t\t\t\t\t<\/div>\n\t\t<\/section>\n\t\t\t\t<section class=\"elementor-section elementor-top-section elementor-element elementor-element-4efed58 elementor-section-boxed elementor-section-height-default elementor-section-height-default sc_fly_static\" data-id=\"4efed58\" data-element_type=\"section\">\n\t\t\t\t\t\t<div class=\"elementor-container elementor-column-gap-extended\">\n\t\t\t\t\t<div class=\"elementor-column elementor-col-100 elementor-top-column elementor-element elementor-element-dd78db3 sc_content_align_inherit sc_layouts_column_icons_position_left sc_fly_static\" data-id=\"dd78db3\" data-element_type=\"column\">\n\t\t\t<div class=\"elementor-widget-wrap elementor-element-populated\">\n\t\t\t\t\t\t<div class=\"elementor-element elementor-element-697a4bf sc_fly_static elementor-widget elementor-widget-video\" data-id=\"697a4bf\" data-element_type=\"widget\" data-settings=\"{&quot;video_type&quot;:&quot;hosted&quot;,&quot;autoplay&quot;:&quot;yes&quot;,&quot;play_on_mobile&quot;:&quot;yes&quot;,&quot;mute&quot;:&quot;yes&quot;,&quot;controls&quot;:&quot;yes&quot;}\" data-widget_type=\"video.default\">\n\t\t\t\t<div class=\"elementor-widget-container\">\n\t\t\t\t\t\t\t<div class=\"e-hosted-video elementor-wrapper elementor-open-inline\">\n\t\t\t\t\t<video class=\"elementor-video\" src=\"https:\/\/efkar.com.tr\/wp-content\/uploads\/2025\/11\/Efkar-Kisa-Video.mp4\" autoplay=\"\" controls=\"\" muted=\"muted\" playsinline=\"\" controlslist=\"nodownload\"><\/video>\n\t\t\t\t<\/div>\n\t\t\t\t\t\t<\/div>\n\t\t\t\t<\/div>\n\t\t\t\t<div class=\"elementor-element elementor-element-1f5839e sc_fly_static elementor-widget elementor-widget-video\" data-id=\"1f5839e\" data-element_type=\"widget\" data-settings=\"{&quot;video_type&quot;:&quot;hosted&quot;,&quot;controls&quot;:&quot;yes&quot;}\" data-widget_type=\"video.default\">\n\t\t\t\t<div class=\"elementor-widget-container\">\n\t\t\t\t\t\t\t<div class=\"e-hosted-video elementor-wrapper elementor-open-inline\">\n\t\t\t\t\t<video class=\"elementor-video\" src=\"https:\/\/efkar.com.tr\/wp-content\/uploads\/2025\/10\/Efkar-BesiCiftligi.webm\" controls=\"\" preload=\"metadata\" controlslist=\"nodownload\"><\/video>\n\t\t\t\t<\/div>\n\t\t\t\t\t\t<\/div>\n\t\t\t\t<\/div>\n\t\t\t\t\t<\/div>\n\t\t<\/div>\n\t\t\t\t\t<\/div>\n\t\t<\/section>\n\t\t\t\t<\/div>","protected":false},"excerpt":{"rendered":"<p>Efkar Et olarak, modern teknolojilerle donat\u0131lm\u0131\u015f entegre tesisimizde \u00fcretim s\u00fcre\u00e7lerimizi en y\u00fcksek kalite standartlar\u0131na uygun \u015fekilde y\u00fcr\u00fct\u00fcyoruz. Tesisimizde kesimden i\u015fleme, paketlemeden depolamaya kadar t\u00fcm a\u015famalar, uluslararas\u0131 g\u0131da g\u00fcvenli\u011fi ve hijyen&hellip;<\/p>","protected":false},"author":1,"featured_media":58097,"parent":0,"menu_order":0,"comment_status":"closed","ping_status":"closed","template":"","meta":{"footnotes":""},"class_list":["post-58001","page","type-page","status-publish","has-post-thumbnail","hentry"],"_links":{"self":[{"href":"https:\/\/efkar.com.tr\/en\/wp-json\/wp\/v2\/pages\/58001","targetHints":{"allow":["GET"]}}],"collection":[{"href":"https:\/\/efkar.com.tr\/en\/wp-json\/wp\/v2\/pages"}],"about":[{"href":"https:\/\/efkar.com.tr\/en\/wp-json\/wp\/v2\/types\/page"}],"author":[{"embeddable":true,"href":"https:\/\/efkar.com.tr\/en\/wp-json\/wp\/v2\/users\/1"}],"replies":[{"embeddable":true,"href":"https:\/\/efkar.com.tr\/en\/wp-json\/wp\/v2\/comments?post=58001"}],"version-history":[{"count":8,"href":"https:\/\/efkar.com.tr\/en\/wp-json\/wp\/v2\/pages\/58001\/revisions"}],"predecessor-version":[{"id":58300,"href":"https:\/\/efkar.com.tr\/en\/wp-json\/wp\/v2\/pages\/58001\/revisions\/58300"}],"wp:featuredmedia":[{"embeddable":true,"href":"https:\/\/efkar.com.tr\/en\/wp-json\/wp\/v2\/media\/58097"}],"wp:attachment":[{"href":"https:\/\/efkar.com.tr\/en\/wp-json\/wp\/v2\/media?parent=58001"}],"curies":[{"name":"wp","href":"https:\/\/api.w.org\/{rel}","templated":true}]}}