{"id":57993,"date":"2025-09-25T08:45:04","date_gmt":"2025-09-25T08:45:04","guid":{"rendered":"https:\/\/efkar.kroppalab.com\/?page_id=57993"},"modified":"2025-10-31T10:54:20","modified_gmt":"2025-10-31T10:54:20","slug":"besi-ciftligi","status":"publish","type":"page","link":"https:\/\/efkar.com.tr\/en\/besi-ciftligi\/","title":{"rendered":"Besi \u00c7iftli\u011fi"},"content":{"rendered":"<div data-elementor-type=\"wp-page\" data-elementor-id=\"57993\" class=\"elementor elementor-57993\" data-elementor-post-type=\"page\">\n\t\t\t\t\t\t<section class=\"elementor-section elementor-top-section elementor-element elementor-element-e308e28 elementor-section-boxed elementor-section-height-default elementor-section-height-default sc_fly_static\" data-id=\"e308e28\" data-element_type=\"section\">\n\t\t\t\t\t\t<div class=\"elementor-container elementor-column-gap-extended\">\n\t\t\t\t\t<div class=\"elementor-column elementor-col-50 elementor-top-column elementor-element elementor-element-9b4a268 sc_content_align_inherit sc_layouts_column_icons_position_left sc_fly_static\" data-id=\"9b4a268\" data-element_type=\"column\">\n\t\t\t<div class=\"elementor-widget-wrap elementor-element-populated\">\n\t\t\t\t\t\t<div class=\"elementor-element elementor-element-6c21e18 sc_fly_static elementor-widget elementor-widget-text-editor\" data-id=\"6c21e18\" data-element_type=\"widget\" data-widget_type=\"text-editor.default\">\n\t\t\t\t<div class=\"elementor-widget-container\">\n\t\t\t\t\t\t\t\t\t<p><span style=\"font-weight: 400;\">Efkar Et Entegre Tesisimiz b\u00fcnyesinde kurulu\u015fundan itibaren yer alan Besi \u00c7iftli\u011fimiz, toplam 20.000 m\u00b2\u2019lik a\u00e7\u0131k alana kuruludur. \u00c7iftli\u011fimizin bulundurdu\u011fu besi kapasitesi 1.200 adet hayvand\u0131r.<\/span><\/p>\t\t\t\t\t\t\t\t<\/div>\n\t\t\t\t<\/div>\n\t\t\t\t<div class=\"elementor-element elementor-element-09680d9 sc_fly_static elementor-widget elementor-widget-text-editor\" data-id=\"09680d9\" data-element_type=\"widget\" data-widget_type=\"text-editor.default\">\n\t\t\t\t<div class=\"elementor-widget-container\">\n\t\t\t\t\t\t\t\t\t<p><span style=\"font-weight: 400;\">\u00dclkemizin verimli topraklar\u0131ndan ve yurtd\u0131\u015f\u0131ndan temin edilen hayvanlar, uzman Ziraat M\u00fchendislerimizin haz\u0131rlad\u0131\u011f\u0131 besleme programlar\u0131 do\u011frultusunda yeti\u015ftirilmektedir.<\/span><\/p>\t\t\t\t\t\t\t\t<\/div>\n\t\t\t\t<\/div>\n\t\t\t\t<div class=\"elementor-element elementor-element-4c423c6 sc_fly_static elementor-widget elementor-widget-text-editor\" data-id=\"4c423c6\" data-element_type=\"widget\" data-widget_type=\"text-editor.default\">\n\t\t\t\t<div class=\"elementor-widget-container\">\n\t\t\t\t\t\t\t\t\t<p><span style=\"font-weight: 400;\">Toprak zeminli, serbest dola\u015f\u0131m alan\u0131na sahip olan Besi \u00c7iftli\u011fimizde, yeti\u015ftirilen b\u00fcy\u00fckba\u015f hayvanlar do\u011fal ve kaliteli yemlerle beslenmekte; sa\u011fl\u0131kl\u0131 ya\u015famlar\u0131 i\u00e7in gerekli t\u00fcm bak\u0131m ve kontroller periyodik olarak ger\u00e7ekle\u015ftirilmektedir.<\/span><\/p>\t\t\t\t\t\t\t\t<\/div>\n\t\t\t\t<\/div>\n\t\t\t\t\t<\/div>\n\t\t<\/div>\n\t\t\t\t<div class=\"elementor-column elementor-col-50 elementor-top-column elementor-element elementor-element-03e285b sc_content_align_inherit sc_layouts_column_icons_position_left sc_fly_static\" data-id=\"03e285b\" data-element_type=\"column\">\n\t\t\t<div class=\"elementor-widget-wrap elementor-element-populated\">\n\t\t\t\t\t\t<div class=\"elementor-element elementor-element-7c36286 sc_fly_static elementor-widget elementor-widget-image\" data-id=\"7c36286\" data-element_type=\"widget\" data-widget_type=\"image.default\">\n\t\t\t\t<div class=\"elementor-widget-container\">\n\t\t\t\t\t\t\t\t\t\t\t\t\t\t\t<img fetchpriority=\"high\" decoding=\"async\" width=\"1024\" height=\"683\" src=\"https:\/\/efkar.com.tr\/wp-content\/uploads\/2025\/10\/Besi-Ciftligi-1024x683.jpeg\" class=\"attachment-large size-large wp-image-58271\" alt=\"\" srcset=\"https:\/\/efkar.com.tr\/wp-content\/uploads\/2025\/10\/Besi-Ciftligi-1024x683.jpeg 1024w, https:\/\/efkar.com.tr\/wp-content\/uploads\/2025\/10\/Besi-Ciftligi-300x200.jpeg 300w, https:\/\/efkar.com.tr\/wp-content\/uploads\/2025\/10\/Besi-Ciftligi-768x512.jpeg 768w, https:\/\/efkar.com.tr\/wp-content\/uploads\/2025\/10\/Besi-Ciftligi-18x12.jpeg 18w, https:\/\/efkar.com.tr\/wp-content\/uploads\/2025\/10\/Besi-Ciftligi-370x247.jpeg 370w, https:\/\/efkar.com.tr\/wp-content\/uploads\/2025\/10\/Besi-Ciftligi-840x560.jpeg 840w, https:\/\/efkar.com.tr\/wp-content\/uploads\/2025\/10\/Besi-Ciftligi-410x273.jpeg 410w, https:\/\/efkar.com.tr\/wp-content\/uploads\/2025\/10\/Besi-Ciftligi.jpeg 1200w\" sizes=\"(max-width: 1024px) 100vw, 1024px\" \/>\t\t\t\t\t\t\t\t\t\t\t\t\t\t\t<\/div>\n\t\t\t\t<\/div>\n\t\t\t\t\t<\/div>\n\t\t<\/div>\n\t\t\t\t\t<\/div>\n\t\t<\/section>\n\t\t\t\t<\/div>","protected":false},"excerpt":{"rendered":"<p>Efkar Et Entegre Tesisimiz b\u00fcnyesinde kurulu\u015fundan itibaren yer alan Besi \u00c7iftli\u011fimiz, toplam 20.000 m\u00b2\u2019lik a\u00e7\u0131k alana kuruludur. \u00c7iftli\u011fimizin bulundurdu\u011fu besi kapasitesi 1.200 adet hayvand\u0131r. \u00dclkemizin verimli topraklar\u0131ndan ve yurtd\u0131\u015f\u0131ndan temin&hellip;<\/p>","protected":false},"author":1,"featured_media":58087,"parent":0,"menu_order":0,"comment_status":"closed","ping_status":"closed","template":"","meta":{"footnotes":""},"class_list":["post-57993","page","type-page","status-publish","has-post-thumbnail","hentry"],"_links":{"self":[{"href":"https:\/\/efkar.com.tr\/en\/wp-json\/wp\/v2\/pages\/57993","targetHints":{"allow":["GET"]}}],"collection":[{"href":"https:\/\/efkar.com.tr\/en\/wp-json\/wp\/v2\/pages"}],"about":[{"href":"https:\/\/efkar.com.tr\/en\/wp-json\/wp\/v2\/types\/page"}],"author":[{"embeddable":true,"href":"https:\/\/efkar.com.tr\/en\/wp-json\/wp\/v2\/users\/1"}],"replies":[{"embeddable":true,"href":"https:\/\/efkar.com.tr\/en\/wp-json\/wp\/v2\/comments?post=57993"}],"version-history":[{"count":10,"href":"https:\/\/efkar.com.tr\/en\/wp-json\/wp\/v2\/pages\/57993\/revisions"}],"predecessor-version":[{"id":58274,"href":"https:\/\/efkar.com.tr\/en\/wp-json\/wp\/v2\/pages\/57993\/revisions\/58274"}],"wp:featuredmedia":[{"embeddable":true,"href":"https:\/\/efkar.com.tr\/en\/wp-json\/wp\/v2\/media\/58087"}],"wp:attachment":[{"href":"https:\/\/efkar.com.tr\/en\/wp-json\/wp\/v2\/media?parent=57993"}],"curies":[{"name":"wp","href":"https:\/\/api.w.org\/{rel}","templated":true}]}}