{"id":57950,"date":"2025-09-18T11:09:31","date_gmt":"2025-09-18T11:09:31","guid":{"rendered":"https:\/\/efkar.kroppalab.com\/?page_id=57950"},"modified":"2025-10-01T08:54:50","modified_gmt":"2025-10-01T08:54:50","slug":"ise-alim-ve-kariyer-yonetimi","status":"publish","type":"page","link":"https:\/\/efkar.com.tr\/en\/ise-alim-ve-kariyer-yonetimi\/","title":{"rendered":"\u0130\u015fe Al\u0131m ve Kariyer Y\u00f6netimi"},"content":{"rendered":"<div data-elementor-type=\"wp-page\" data-elementor-id=\"57950\" class=\"elementor elementor-57950\" data-elementor-post-type=\"page\">\n\t\t\t\t\t\t<section class=\"elementor-section elementor-top-section elementor-element elementor-element-e308e28 elementor-section-boxed elementor-section-height-default elementor-section-height-default sc_fly_static\" data-id=\"e308e28\" data-element_type=\"section\">\n\t\t\t\t\t\t<div class=\"elementor-container elementor-column-gap-extended\">\n\t\t\t\t\t<div class=\"elementor-column elementor-col-100 elementor-top-column elementor-element elementor-element-9b4a268 sc_content_align_inherit sc_layouts_column_icons_position_left sc_fly_static\" data-id=\"9b4a268\" data-element_type=\"column\">\n\t\t\t<div class=\"elementor-widget-wrap elementor-element-populated\">\n\t\t\t\t\t\t<div class=\"elementor-element elementor-element-3b851ac sc_fly_static elementor-widget elementor-widget-text-editor\" data-id=\"3b851ac\" data-element_type=\"widget\" data-widget_type=\"text-editor.default\">\n\t\t\t\t<div class=\"elementor-widget-container\">\n\t\t\t\t\t\t\t\t\t<p><span style=\"font-weight: 400;\">\u0130\u015fe al\u0131m politikam\u0131z\u0131n temelini, ihtiya\u00e7 analizlerimiz do\u011frultusunda insan g\u00fcc\u00fcn\u00fc etkin \u015fekilde planlayarak \u015firketimizin de\u011ferleri ve k\u00fclt\u00fcr\u00fcne en uygun ve do\u011fru ki\u015filerin do\u011fru pozisyonlara yerle\u015ftirilmesi olu\u015fturur.<\/span><\/p><p><span style=\"font-weight: 400;\">En do\u011fru yerle\u015ftirmenin yap\u0131labilmesi i\u00e7in pozisyonlar baz\u0131nda belirlenmi\u015f kriterler ve metodlar kullan\u0131l\u0131r.<\/span><\/p><p><span style=\"font-weight: 400;\">\u0130\u015fe al\u0131m faaliyetleri y\u0131ll\u0131k plan dahilinde ger\u00e7ekle\u015ftirilmekte olup, s\u00fcre\u00e7 ad\u0131mlar\u0131 standart ve \u015feffaf bir \u015fekilde yap\u0131land\u0131r\u0131lm\u0131\u015ft\u0131r.<\/span><\/p><p><span style=\"font-weight: 400;\">\u015eirketimizde ba\u015far\u0131l\u0131 olan her \u00e7al\u0131\u015fan, ba\u015far\u0131s\u0131n\u0131 devam ettirdi\u011fi s\u00fcrece en \u00fcst kademeye kadar y\u00fckselme \u015fans\u0131na sahiptir.<\/span><\/p><p><span style=\"font-weight: 400;\">Kendi y\u00f6neticilerini yeti\u015ftirmeyi hedeflemi\u015f bir kurum olarak, \u015firket i\u00e7inde yatay ve dikey kariyer olanaklar\u0131n\u0131 \u00e7al\u0131\u015fanlar\u0131m\u0131za sa\u011flan\u0131r.<\/span><\/p>\t\t\t\t\t\t\t\t<\/div>\n\t\t\t\t<\/div>\n\t\t\t\t\t<\/div>\n\t\t<\/div>\n\t\t\t\t\t<\/div>\n\t\t<\/section>\n\t\t\t\t<\/div>","protected":false},"excerpt":{"rendered":"<p>\u0130\u015fe al\u0131m politikam\u0131z\u0131n temelini, ihtiya\u00e7 analizlerimiz do\u011frultusunda insan g\u00fcc\u00fcn\u00fc etkin \u015fekilde planlayarak \u015firketimizin de\u011ferleri ve k\u00fclt\u00fcr\u00fcne en uygun ve do\u011fru ki\u015filerin do\u011fru pozisyonlara yerle\u015ftirilmesi olu\u015fturur. En do\u011fru yerle\u015ftirmenin yap\u0131labilmesi i\u00e7in&hellip;<\/p>","protected":false},"author":1,"featured_media":58093,"parent":0,"menu_order":0,"comment_status":"closed","ping_status":"closed","template":"","meta":{"footnotes":""},"class_list":["post-57950","page","type-page","status-publish","has-post-thumbnail","hentry"],"_links":{"self":[{"href":"https:\/\/efkar.com.tr\/en\/wp-json\/wp\/v2\/pages\/57950","targetHints":{"allow":["GET"]}}],"collection":[{"href":"https:\/\/efkar.com.tr\/en\/wp-json\/wp\/v2\/pages"}],"about":[{"href":"https:\/\/efkar.com.tr\/en\/wp-json\/wp\/v2\/types\/page"}],"author":[{"embeddable":true,"href":"https:\/\/efkar.com.tr\/en\/wp-json\/wp\/v2\/users\/1"}],"replies":[{"embeddable":true,"href":"https:\/\/efkar.com.tr\/en\/wp-json\/wp\/v2\/comments?post=57950"}],"version-history":[{"count":4,"href":"https:\/\/efkar.com.tr\/en\/wp-json\/wp\/v2\/pages\/57950\/revisions"}],"predecessor-version":[{"id":57954,"href":"https:\/\/efkar.com.tr\/en\/wp-json\/wp\/v2\/pages\/57950\/revisions\/57954"}],"wp:featuredmedia":[{"embeddable":true,"href":"https:\/\/efkar.com.tr\/en\/wp-json\/wp\/v2\/media\/58093"}],"wp:attachment":[{"href":"https:\/\/efkar.com.tr\/en\/wp-json\/wp\/v2\/media?parent=57950"}],"curies":[{"name":"wp","href":"https:\/\/api.w.org\/{rel}","templated":true}]}}