{"id":57932,"date":"2025-09-17T08:01:06","date_gmt":"2025-09-17T08:01:06","guid":{"rendered":"https:\/\/efkar.kroppalab.com\/?page_id=57932"},"modified":"2026-03-06T07:50:33","modified_gmt":"2026-03-06T07:50:33","slug":"sertifikalar","status":"publish","type":"page","link":"https:\/\/efkar.com.tr\/en\/sertifikalar\/","title":{"rendered":"Sertifikalar"},"content":{"rendered":"<div data-elementor-type=\"wp-page\" data-elementor-id=\"57932\" class=\"elementor elementor-57932\" data-elementor-post-type=\"page\">\n\t\t\t\t\t\t<section class=\"elementor-section elementor-top-section elementor-element elementor-element-eed3849 elementor-section-boxed elementor-section-height-default elementor-section-height-default sc_fly_static\" data-id=\"eed3849\" data-element_type=\"section\">\n\t\t\t\t\t\t<div class=\"elementor-container elementor-column-gap-extended\">\n\t\t\t\t\t<div class=\"elementor-column elementor-col-33 elementor-top-column elementor-element elementor-element-d945455 sc_content_align_inherit sc_layouts_column_icons_position_left sc_fly_static\" data-id=\"d945455\" data-element_type=\"column\">\n\t\t\t<div class=\"elementor-widget-wrap elementor-element-populated\">\n\t\t\t\t\t\t<div class=\"elementor-element elementor-element-5b55380 sc_fly_static elementor-widget elementor-widget-heading\" data-id=\"5b55380\" data-element_type=\"widget\" data-widget_type=\"heading.default\">\n\t\t\t\t<div class=\"elementor-widget-container\">\n\t\t\t\t\t<h4 class=\"elementor-heading-title elementor-size-default\"><a href=\"https:\/\/efkar.com.tr\/wp-content\/uploads\/2025\/12\/EFKARET_ISO_22000-2018.pdf\" target=\"_blank\">ISO 22000:2018<\/a><\/h4>\t\t\t\t<\/div>\n\t\t\t\t<\/div>\n\t\t\t\t<div class=\"elementor-element elementor-element-b6348c6 sc_fly_static elementor-widget elementor-widget-image\" data-id=\"b6348c6\" data-element_type=\"widget\" data-widget_type=\"image.default\">\n\t\t\t\t<div class=\"elementor-widget-container\">\n\t\t\t\t\t\t\t\t\t\t\t\t\t\t\t\t<a href=\"https:\/\/efkar.com.tr\/wp-content\/uploads\/2025\/12\/EFKARET_ISO_22000-2018.pdf\" target=\"_blank\">\n\t\t\t\t\t\t\t<img fetchpriority=\"high\" decoding=\"async\" width=\"724\" height=\"1024\" src=\"https:\/\/efkar.com.tr\/wp-content\/uploads\/2025\/12\/EFKARET_ISO_22000-2018_page-0001-724x1024.jpg\" class=\"attachment-large size-large wp-image-58362\" alt=\"\" srcset=\"https:\/\/efkar.com.tr\/wp-content\/uploads\/2025\/12\/EFKARET_ISO_22000-2018_page-0001-724x1024.jpg 724w, https:\/\/efkar.com.tr\/wp-content\/uploads\/2025\/12\/EFKARET_ISO_22000-2018_page-0001-212x300.jpg 212w, https:\/\/efkar.com.tr\/wp-content\/uploads\/2025\/12\/EFKARET_ISO_22000-2018_page-0001-768x1086.jpg 768w, https:\/\/efkar.com.tr\/wp-content\/uploads\/2025\/12\/EFKARET_ISO_22000-2018_page-0001-1086x1536.jpg 1086w, https:\/\/efkar.com.tr\/wp-content\/uploads\/2025\/12\/EFKARET_ISO_22000-2018_page-0001-8x12.jpg 8w, https:\/\/efkar.com.tr\/wp-content\/uploads\/2025\/12\/EFKARET_ISO_22000-2018_page-0001-370x523.jpg 370w, https:\/\/efkar.com.tr\/wp-content\/uploads\/2025\/12\/EFKARET_ISO_22000-2018_page-0001-840x1188.jpg 840w, https:\/\/efkar.com.tr\/wp-content\/uploads\/2025\/12\/EFKARET_ISO_22000-2018_page-0001-410x580.jpg 410w, https:\/\/efkar.com.tr\/wp-content\/uploads\/2025\/12\/EFKARET_ISO_22000-2018_page-0001.jpg 1240w\" sizes=\"(max-width: 724px) 100vw, 724px\" \/>\t\t\t\t\t\t\t\t<\/a>\n\t\t\t\t\t\t\t\t\t\t\t\t\t\t\t<\/div>\n\t\t\t\t<\/div>\n\t\t\t\t\t<\/div>\n\t\t<\/div>\n\t\t\t\t<div class=\"elementor-column elementor-col-33 elementor-top-column elementor-element elementor-element-d162229 sc_content_align_inherit sc_layouts_column_icons_position_left sc_fly_static\" data-id=\"d162229\" data-element_type=\"column\">\n\t\t\t<div class=\"elementor-widget-wrap elementor-element-populated\">\n\t\t\t\t\t\t<div class=\"elementor-element elementor-element-f616a98 sc_fly_static elementor-widget elementor-widget-heading\" data-id=\"f616a98\" data-element_type=\"widget\" data-widget_type=\"heading.default\">\n\t\t\t\t<div class=\"elementor-widget-container\">\n\t\t\t\t\t<h4 class=\"elementor-heading-title elementor-size-default\"><a href=\"https:\/\/efkar.com.tr\/wp-content\/uploads\/2025\/12\/EFKARET_ISO_22000-2018.pdf\" target=\"_blank\">ISO 9001:2015<\/a><\/h4>\t\t\t\t<\/div>\n\t\t\t\t<\/div>\n\t\t\t\t<div class=\"elementor-element elementor-element-87e36b4 sc_fly_static elementor-widget elementor-widget-image\" data-id=\"87e36b4\" data-element_type=\"widget\" data-widget_type=\"image.default\">\n\t\t\t\t<div class=\"elementor-widget-container\">\n\t\t\t\t\t\t\t\t\t\t\t\t\t\t\t\t<a href=\"https:\/\/efkar.com.tr\/wp-content\/uploads\/2025\/12\/EFKARET_ISO_22000-2018.pdf\" target=\"_blank\">\n\t\t\t\t\t\t\t<img decoding=\"async\" width=\"724\" height=\"1024\" src=\"https:\/\/efkar.com.tr\/wp-content\/uploads\/2025\/12\/EFKARET_ISO_9001-2015_page-0001-724x1024.jpg\" class=\"attachment-large size-large wp-image-58363\" alt=\"\" srcset=\"https:\/\/efkar.com.tr\/wp-content\/uploads\/2025\/12\/EFKARET_ISO_9001-2015_page-0001-724x1024.jpg 724w, https:\/\/efkar.com.tr\/wp-content\/uploads\/2025\/12\/EFKARET_ISO_9001-2015_page-0001-212x300.jpg 212w, https:\/\/efkar.com.tr\/wp-content\/uploads\/2025\/12\/EFKARET_ISO_9001-2015_page-0001-768x1086.jpg 768w, https:\/\/efkar.com.tr\/wp-content\/uploads\/2025\/12\/EFKARET_ISO_9001-2015_page-0001-1086x1536.jpg 1086w, https:\/\/efkar.com.tr\/wp-content\/uploads\/2025\/12\/EFKARET_ISO_9001-2015_page-0001-8x12.jpg 8w, https:\/\/efkar.com.tr\/wp-content\/uploads\/2025\/12\/EFKARET_ISO_9001-2015_page-0001-370x523.jpg 370w, https:\/\/efkar.com.tr\/wp-content\/uploads\/2025\/12\/EFKARET_ISO_9001-2015_page-0001-840x1188.jpg 840w, https:\/\/efkar.com.tr\/wp-content\/uploads\/2025\/12\/EFKARET_ISO_9001-2015_page-0001-410x580.jpg 410w, https:\/\/efkar.com.tr\/wp-content\/uploads\/2025\/12\/EFKARET_ISO_9001-2015_page-0001.jpg 1240w\" sizes=\"(max-width: 724px) 100vw, 724px\" \/>\t\t\t\t\t\t\t\t<\/a>\n\t\t\t\t\t\t\t\t\t\t\t\t\t\t\t<\/div>\n\t\t\t\t<\/div>\n\t\t\t\t\t<\/div>\n\t\t<\/div>\n\t\t\t\t<div class=\"elementor-column elementor-col-33 elementor-top-column elementor-element elementor-element-a4af4fc sc_content_align_inherit sc_layouts_column_icons_position_left sc_fly_static\" data-id=\"a4af4fc\" data-element_type=\"column\">\n\t\t\t<div class=\"elementor-widget-wrap elementor-element-populated\">\n\t\t\t\t\t\t<div class=\"elementor-element elementor-element-015fd76 sc_fly_static elementor-widget elementor-widget-heading\" data-id=\"015fd76\" data-element_type=\"widget\" data-widget_type=\"heading.default\">\n\t\t\t\t<div class=\"elementor-widget-container\">\n\t\t\t\t\t<h4 class=\"elementor-heading-title elementor-size-default\"><a href=\"https:\/\/efkar.com.tr\/wp-content\/uploads\/2025\/12\/tse_2025_helal.pdf\" target=\"_blank\">Helal Uygunluk Belgesi<\/a><\/h4>\t\t\t\t<\/div>\n\t\t\t\t<\/div>\n\t\t\t\t<div class=\"elementor-element elementor-element-1cda623 sc_fly_static elementor-widget elementor-widget-image\" data-id=\"1cda623\" data-element_type=\"widget\" data-widget_type=\"image.default\">\n\t\t\t\t<div class=\"elementor-widget-container\">\n\t\t\t\t\t\t\t\t\t\t\t\t\t\t\t\t<a href=\"https:\/\/efkar.com.tr\/wp-content\/uploads\/2025\/12\/tse_2025_helal.pdf\" target=\"_blank\">\n\t\t\t\t\t\t\t<img decoding=\"async\" width=\"724\" height=\"1024\" src=\"https:\/\/efkar.com.tr\/wp-content\/uploads\/2025\/12\/tse_2025_helal-724x1024.jpg\" class=\"attachment-large size-large wp-image-58354\" alt=\"\" srcset=\"https:\/\/efkar.com.tr\/wp-content\/uploads\/2025\/12\/tse_2025_helal-724x1024.jpg 724w, https:\/\/efkar.com.tr\/wp-content\/uploads\/2025\/12\/tse_2025_helal-212x300.jpg 212w, https:\/\/efkar.com.tr\/wp-content\/uploads\/2025\/12\/tse_2025_helal-768x1087.jpg 768w, https:\/\/efkar.com.tr\/wp-content\/uploads\/2025\/12\/tse_2025_helal-1085x1536.jpg 1085w, https:\/\/efkar.com.tr\/wp-content\/uploads\/2025\/12\/tse_2025_helal-8x12.jpg 8w, https:\/\/efkar.com.tr\/wp-content\/uploads\/2025\/12\/tse_2025_helal-370x524.jpg 370w, https:\/\/efkar.com.tr\/wp-content\/uploads\/2025\/12\/tse_2025_helal-840x1189.jpg 840w, https:\/\/efkar.com.tr\/wp-content\/uploads\/2025\/12\/tse_2025_helal-410x580.jpg 410w, https:\/\/efkar.com.tr\/wp-content\/uploads\/2025\/12\/tse_2025_helal.jpg 1240w\" sizes=\"(max-width: 724px) 100vw, 724px\" \/>\t\t\t\t\t\t\t\t<\/a>\n\t\t\t\t\t\t\t\t\t\t\t\t\t\t\t<\/div>\n\t\t\t\t<\/div>\n\t\t\t\t\t<\/div>\n\t\t<\/div>\n\t\t\t\t\t<\/div>\n\t\t<\/section>\n\t\t\t\t<section class=\"elementor-section elementor-top-section elementor-element elementor-element-e29d775 elementor-section-boxed elementor-section-height-default elementor-section-height-default sc_fly_static\" data-id=\"e29d775\" data-element_type=\"section\">\n\t\t\t\t\t\t<div class=\"elementor-container elementor-column-gap-extended\">\n\t\t\t\t\t<div class=\"elementor-column elementor-col-33 elementor-top-column elementor-element elementor-element-c7fedce sc_content_align_inherit sc_layouts_column_icons_position_left sc_fly_static\" data-id=\"c7fedce\" data-element_type=\"column\">\n\t\t\t<div class=\"elementor-widget-wrap elementor-element-populated\">\n\t\t\t\t\t\t<div class=\"elementor-element elementor-element-071aae7 sc_fly_static elementor-widget elementor-widget-heading\" data-id=\"071aae7\" data-element_type=\"widget\" data-widget_type=\"heading.default\">\n\t\t\t\t<div class=\"elementor-widget-container\">\n\t\t\t\t\t<h4 class=\"elementor-heading-title elementor-size-default\"><a href=\"https:\/\/efkar.com.tr\/wp-content\/uploads\/2025\/10\/isletme_onay_belgesi.pdf\" target=\"_blank\">\u0130\u015fletme Onay Belgesi<\/a><\/h4>\t\t\t\t<\/div>\n\t\t\t\t<\/div>\n\t\t\t\t<div class=\"elementor-element elementor-element-f3cc7aa sc_fly_static elementor-widget elementor-widget-image\" data-id=\"f3cc7aa\" data-element_type=\"widget\" data-widget_type=\"image.default\">\n\t\t\t\t<div class=\"elementor-widget-container\">\n\t\t\t\t\t\t\t\t\t\t\t\t\t\t\t\t<a href=\"https:\/\/efkar.com.tr\/wp-content\/uploads\/2025\/10\/isletme_onay_belgesi.pdf\" target=\"_blank\">\n\t\t\t\t\t\t\t<img loading=\"lazy\" decoding=\"async\" width=\"718\" height=\"1024\" src=\"https:\/\/efkar.com.tr\/wp-content\/uploads\/2025\/10\/isletme_onay_belgesi-718x1024.jpg\" class=\"attachment-large size-large wp-image-58168\" alt=\"\" srcset=\"https:\/\/efkar.com.tr\/wp-content\/uploads\/2025\/10\/isletme_onay_belgesi-718x1024.jpg 718w, https:\/\/efkar.com.tr\/wp-content\/uploads\/2025\/10\/isletme_onay_belgesi-210x300.jpg 210w, https:\/\/efkar.com.tr\/wp-content\/uploads\/2025\/10\/isletme_onay_belgesi-768x1095.jpg 768w, https:\/\/efkar.com.tr\/wp-content\/uploads\/2025\/10\/isletme_onay_belgesi-1077x1536.jpg 1077w, https:\/\/efkar.com.tr\/wp-content\/uploads\/2025\/10\/isletme_onay_belgesi-370x528.jpg 370w, https:\/\/efkar.com.tr\/wp-content\/uploads\/2025\/10\/isletme_onay_belgesi-840x1198.jpg 840w, https:\/\/efkar.com.tr\/wp-content\/uploads\/2025\/10\/isletme_onay_belgesi-410x585.jpg 410w, https:\/\/efkar.com.tr\/wp-content\/uploads\/2025\/10\/isletme_onay_belgesi.jpg 1205w\" sizes=\"(max-width: 718px) 100vw, 718px\" \/>\t\t\t\t\t\t\t\t<\/a>\n\t\t\t\t\t\t\t\t\t\t\t\t\t\t\t<\/div>\n\t\t\t\t<\/div>\n\t\t\t\t\t<\/div>\n\t\t<\/div>\n\t\t\t\t<div class=\"elementor-column elementor-col-33 elementor-top-column elementor-element elementor-element-dd2c712 sc_content_align_inherit sc_layouts_column_icons_position_left sc_fly_static\" data-id=\"dd2c712\" data-element_type=\"column\">\n\t\t\t<div class=\"elementor-widget-wrap elementor-element-populated\">\n\t\t\t\t\t\t<div class=\"elementor-element elementor-element-770dab2 sc_fly_static elementor-widget elementor-widget-heading\" data-id=\"770dab2\" data-element_type=\"widget\" data-widget_type=\"heading.default\">\n\t\t\t\t<div class=\"elementor-widget-container\">\n\t\t\t\t\t<h4 class=\"elementor-heading-title elementor-size-default\"><a href=\"https:\/\/efkar.com.tr\/wp-content\/uploads\/2025\/10\/isletme_onay_belgesi_tesis.pdf\" target=\"_blank\">\u0130\u015fletme Onay Belgesi<\/a><\/h4>\t\t\t\t<\/div>\n\t\t\t\t<\/div>\n\t\t\t\t<div class=\"elementor-element elementor-element-9547139 sc_fly_static elementor-widget elementor-widget-image\" data-id=\"9547139\" data-element_type=\"widget\" data-widget_type=\"image.default\">\n\t\t\t\t<div class=\"elementor-widget-container\">\n\t\t\t\t\t\t\t\t\t\t\t\t\t\t\t\t<a href=\"https:\/\/efkar.com.tr\/wp-content\/uploads\/2025\/10\/isletme_onay_belgesi_tesis.pdf\" target=\"_blank\">\n\t\t\t\t\t\t\t<img loading=\"lazy\" decoding=\"async\" width=\"718\" height=\"1024\" src=\"https:\/\/efkar.com.tr\/wp-content\/uploads\/2025\/10\/isletme_onay_belgesi_tesis-718x1024.jpg\" class=\"attachment-large size-large wp-image-58169\" alt=\"\" srcset=\"https:\/\/efkar.com.tr\/wp-content\/uploads\/2025\/10\/isletme_onay_belgesi_tesis-718x1024.jpg 718w, https:\/\/efkar.com.tr\/wp-content\/uploads\/2025\/10\/isletme_onay_belgesi_tesis-210x300.jpg 210w, https:\/\/efkar.com.tr\/wp-content\/uploads\/2025\/10\/isletme_onay_belgesi_tesis-768x1095.jpg 768w, https:\/\/efkar.com.tr\/wp-content\/uploads\/2025\/10\/isletme_onay_belgesi_tesis-1077x1536.jpg 1077w, https:\/\/efkar.com.tr\/wp-content\/uploads\/2025\/10\/isletme_onay_belgesi_tesis-370x528.jpg 370w, https:\/\/efkar.com.tr\/wp-content\/uploads\/2025\/10\/isletme_onay_belgesi_tesis-840x1198.jpg 840w, https:\/\/efkar.com.tr\/wp-content\/uploads\/2025\/10\/isletme_onay_belgesi_tesis-410x585.jpg 410w, https:\/\/efkar.com.tr\/wp-content\/uploads\/2025\/10\/isletme_onay_belgesi_tesis.jpg 1205w\" sizes=\"(max-width: 718px) 100vw, 718px\" \/>\t\t\t\t\t\t\t\t<\/a>\n\t\t\t\t\t\t\t\t\t\t\t\t\t\t\t<\/div>\n\t\t\t\t<\/div>\n\t\t\t\t\t<\/div>\n\t\t<\/div>\n\t\t\t\t<div class=\"elementor-column elementor-col-33 elementor-top-column elementor-element elementor-element-2593259 sc_content_align_inherit sc_layouts_column_icons_position_left sc_fly_static\" data-id=\"2593259\" data-element_type=\"column\">\n\t\t\t<div class=\"elementor-widget-wrap elementor-element-populated\">\n\t\t\t\t\t\t<div class=\"elementor-element elementor-element-96b3d23 sc_fly_static elementor-widget elementor-widget-heading\" data-id=\"96b3d23\" data-element_type=\"widget\" data-widget_type=\"heading.default\">\n\t\t\t\t<div class=\"elementor-widget-container\">\n\t\t\t\t\t<h4 class=\"elementor-heading-title elementor-size-default\">\u0130malat Yeterlilik Belgesi<\/h4>\t\t\t\t<\/div>\n\t\t\t\t<\/div>\n\t\t\t\t<div class=\"elementor-element elementor-element-dfa6932 sc_fly_static elementor-widget elementor-widget-image\" data-id=\"dfa6932\" data-element_type=\"widget\" data-widget_type=\"image.default\">\n\t\t\t\t<div class=\"elementor-widget-container\">\n\t\t\t\t\t\t\t\t\t\t\t\t\t\t\t\t<a href=\"https:\/\/efkar.com.tr\/wp-content\/uploads\/2026\/01\/Imalat-Yeterlilik-Belgesi.pdf\" target=\"_blank\">\n\t\t\t\t\t\t\t<img loading=\"lazy\" decoding=\"async\" width=\"724\" height=\"1024\" src=\"https:\/\/efkar.com.tr\/wp-content\/uploads\/2026\/01\/Imalat-Yeterlilik-Belgesi_pages-to-jpg-0002-724x1024.jpg\" class=\"attachment-large size-large wp-image-58378\" alt=\"\" srcset=\"https:\/\/efkar.com.tr\/wp-content\/uploads\/2026\/01\/Imalat-Yeterlilik-Belgesi_pages-to-jpg-0002-724x1024.jpg 724w, https:\/\/efkar.com.tr\/wp-content\/uploads\/2026\/01\/Imalat-Yeterlilik-Belgesi_pages-to-jpg-0002-212x300.jpg 212w, https:\/\/efkar.com.tr\/wp-content\/uploads\/2026\/01\/Imalat-Yeterlilik-Belgesi_pages-to-jpg-0002-768x1086.jpg 768w, https:\/\/efkar.com.tr\/wp-content\/uploads\/2026\/01\/Imalat-Yeterlilik-Belgesi_pages-to-jpg-0002-1086x1536.jpg 1086w, https:\/\/efkar.com.tr\/wp-content\/uploads\/2026\/01\/Imalat-Yeterlilik-Belgesi_pages-to-jpg-0002-1448x2048.jpg 1448w, https:\/\/efkar.com.tr\/wp-content\/uploads\/2026\/01\/Imalat-Yeterlilik-Belgesi_pages-to-jpg-0002-8x12.jpg 8w, https:\/\/efkar.com.tr\/wp-content\/uploads\/2026\/01\/Imalat-Yeterlilik-Belgesi_pages-to-jpg-0002-370x523.jpg 370w, https:\/\/efkar.com.tr\/wp-content\/uploads\/2026\/01\/Imalat-Yeterlilik-Belgesi_pages-to-jpg-0002-840x1188.jpg 840w, https:\/\/efkar.com.tr\/wp-content\/uploads\/2026\/01\/Imalat-Yeterlilik-Belgesi_pages-to-jpg-0002-410x580.jpg 410w, https:\/\/efkar.com.tr\/wp-content\/uploads\/2026\/01\/Imalat-Yeterlilik-Belgesi_pages-to-jpg-0002-scaled.jpg 1810w\" sizes=\"(max-width: 724px) 100vw, 724px\" \/>\t\t\t\t\t\t\t\t<\/a>\n\t\t\t\t\t\t\t\t\t\t\t\t\t\t\t<\/div>\n\t\t\t\t<\/div>\n\t\t\t\t\t<\/div>\n\t\t<\/div>\n\t\t\t\t\t<\/div>\n\t\t<\/section>\n\t\t\t\t<section class=\"elementor-section elementor-top-section elementor-element elementor-element-5d6d761 elementor-section-boxed elementor-section-height-default elementor-section-height-default sc_fly_static\" data-id=\"5d6d761\" data-element_type=\"section\">\n\t\t\t\t\t\t<div class=\"elementor-container elementor-column-gap-extended\">\n\t\t\t\t\t<div class=\"elementor-column elementor-col-33 elementor-top-column elementor-element elementor-element-d29ac36 sc_content_align_inherit sc_layouts_column_icons_position_left sc_fly_static\" data-id=\"d29ac36\" data-element_type=\"column\">\n\t\t\t<div class=\"elementor-widget-wrap elementor-element-populated\">\n\t\t\t\t\t\t<div class=\"elementor-element elementor-element-b1d3b27 sc_fly_static elementor-widget elementor-widget-heading\" data-id=\"b1d3b27\" data-element_type=\"widget\" data-widget_type=\"heading.default\">\n\t\t\t\t<div class=\"elementor-widget-container\">\n\t\t\t\t\t<h4 class=\"elementor-heading-title elementor-size-default\"><a href=\"https:\/\/efkar.com.tr\/wp-content\/uploads\/2026\/03\/Sirket-Politikasi-ve-Yonetim-Taahudu.pdf\" target=\"_blank\">\u015eirket Politikas\u0131 ve Y\u00f6netim Taahh\u00fcd\u00fc<\/a><\/h4>\t\t\t\t<\/div>\n\t\t\t\t<\/div>\n\t\t\t\t<div class=\"elementor-element elementor-element-ada6151 sc_fly_static elementor-widget elementor-widget-image\" data-id=\"ada6151\" data-element_type=\"widget\" data-widget_type=\"image.default\">\n\t\t\t\t<div class=\"elementor-widget-container\">\n\t\t\t\t\t\t\t\t\t\t\t\t\t\t\t\t<a href=\"https:\/\/efkar.com.tr\/wp-content\/uploads\/2026\/03\/Sirket-Politikasi-ve-Yonetim-Taahudu.pdf\" target=\"_blank\">\n\t\t\t\t\t\t\t<img loading=\"lazy\" decoding=\"async\" width=\"718\" height=\"1024\" src=\"https:\/\/efkar.com.tr\/wp-content\/uploads\/2026\/03\/Sirket-Politikasi-ve-Yonetim-Taahudu_page-0001-718x1024.jpg\" class=\"attachment-large size-large wp-image-58392\" alt=\"\" srcset=\"https:\/\/efkar.com.tr\/wp-content\/uploads\/2026\/03\/Sirket-Politikasi-ve-Yonetim-Taahudu_page-0001-718x1024.jpg 718w, https:\/\/efkar.com.tr\/wp-content\/uploads\/2026\/03\/Sirket-Politikasi-ve-Yonetim-Taahudu_page-0001-210x300.jpg 210w, https:\/\/efkar.com.tr\/wp-content\/uploads\/2026\/03\/Sirket-Politikasi-ve-Yonetim-Taahudu_page-0001-768x1095.jpg 768w, https:\/\/efkar.com.tr\/wp-content\/uploads\/2026\/03\/Sirket-Politikasi-ve-Yonetim-Taahudu_page-0001-1077x1536.jpg 1077w, https:\/\/efkar.com.tr\/wp-content\/uploads\/2026\/03\/Sirket-Politikasi-ve-Yonetim-Taahudu_page-0001-8x12.jpg 8w, https:\/\/efkar.com.tr\/wp-content\/uploads\/2026\/03\/Sirket-Politikasi-ve-Yonetim-Taahudu_page-0001-370x528.jpg 370w, https:\/\/efkar.com.tr\/wp-content\/uploads\/2026\/03\/Sirket-Politikasi-ve-Yonetim-Taahudu_page-0001-840x1198.jpg 840w, https:\/\/efkar.com.tr\/wp-content\/uploads\/2026\/03\/Sirket-Politikasi-ve-Yonetim-Taahudu_page-0001-410x585.jpg 410w, https:\/\/efkar.com.tr\/wp-content\/uploads\/2026\/03\/Sirket-Politikasi-ve-Yonetim-Taahudu_page-0001.jpg 1205w\" sizes=\"(max-width: 718px) 100vw, 718px\" \/>\t\t\t\t\t\t\t\t<\/a>\n\t\t\t\t\t\t\t\t\t\t\t\t\t\t\t<\/div>\n\t\t\t\t<\/div>\n\t\t\t\t\t<\/div>\n\t\t<\/div>\n\t\t\t\t<div class=\"elementor-column elementor-col-33 elementor-top-column elementor-element elementor-element-ddb4b15 sc_content_align_inherit sc_layouts_column_icons_position_left sc_fly_static\" data-id=\"ddb4b15\" data-element_type=\"column\">\n\t\t\t<div class=\"elementor-widget-wrap\">\n\t\t\t\t\t\t\t<\/div>\n\t\t<\/div>\n\t\t\t\t<div class=\"elementor-column elementor-col-33 elementor-top-column elementor-element elementor-element-0e39992 sc_content_align_inherit sc_layouts_column_icons_position_left sc_fly_static\" data-id=\"0e39992\" data-element_type=\"column\">\n\t\t\t<div class=\"elementor-widget-wrap elementor-element-populated\">\n\t\t\t\t\t\t\t<\/div>\n\t\t<\/div>\n\t\t\t\t\t<\/div>\n\t\t<\/section>\n\t\t\t\t<\/div>","protected":false},"excerpt":{"rendered":"<p>ISO 22000:2018 ISO 9001:2015 Helal Uygunluk Belgesi \u0130\u015fletme Onay Belgesi \u0130\u015fletme Onay Belgesi \u0130malat Yeterlilik Belgesi \u015eirket Politikas\u0131 ve Y\u00f6netim Taahh\u00fcd\u00fc<\/p>","protected":false},"author":1,"featured_media":58096,"parent":0,"menu_order":0,"comment_status":"closed","ping_status":"closed","template":"","meta":{"footnotes":""},"class_list":["post-57932","page","type-page","status-publish","has-post-thumbnail","hentry"],"_links":{"self":[{"href":"https:\/\/efkar.com.tr\/en\/wp-json\/wp\/v2\/pages\/57932","targetHints":{"allow":["GET"]}}],"collection":[{"href":"https:\/\/efkar.com.tr\/en\/wp-json\/wp\/v2\/pages"}],"about":[{"href":"https:\/\/efkar.com.tr\/en\/wp-json\/wp\/v2\/types\/page"}],"author":[{"embeddable":true,"href":"https:\/\/efkar.com.tr\/en\/wp-json\/wp\/v2\/users\/1"}],"replies":[{"embeddable":true,"href":"https:\/\/efkar.com.tr\/en\/wp-json\/wp\/v2\/comments?post=57932"}],"version-history":[{"count":37,"href":"https:\/\/efkar.com.tr\/en\/wp-json\/wp\/v2\/pages\/57932\/revisions"}],"predecessor-version":[{"id":58403,"href":"https:\/\/efkar.com.tr\/en\/wp-json\/wp\/v2\/pages\/57932\/revisions\/58403"}],"wp:featuredmedia":[{"embeddable":true,"href":"https:\/\/efkar.com.tr\/en\/wp-json\/wp\/v2\/media\/58096"}],"wp:attachment":[{"href":"https:\/\/efkar.com.tr\/en\/wp-json\/wp\/v2\/media?parent=57932"}],"curies":[{"name":"wp","href":"https:\/\/api.w.org\/{rel}","templated":true}]}}