{"id":57927,"date":"2025-09-17T07:58:35","date_gmt":"2025-09-17T07:58:35","guid":{"rendered":"https:\/\/efkar.kroppalab.com\/?page_id=57927"},"modified":"2025-10-24T10:55:08","modified_gmt":"2025-10-24T10:55:08","slug":"is-sagligi-ve-guvenligi-politikasi","status":"publish","type":"page","link":"https:\/\/efkar.com.tr\/en\/is-sagligi-ve-guvenligi-politikasi\/","title":{"rendered":"\u0130\u015f Sa\u011fl\u0131\u011f\u0131 ve G\u00fcvenli\u011fi Politikas\u0131"},"content":{"rendered":"<div data-elementor-type=\"wp-page\" data-elementor-id=\"57927\" class=\"elementor elementor-57927\" data-elementor-post-type=\"page\">\n\t\t\t\t\t\t<section class=\"elementor-section elementor-top-section elementor-element elementor-element-e308e28 elementor-section-boxed elementor-section-height-default elementor-section-height-default sc_fly_static\" data-id=\"e308e28\" data-element_type=\"section\">\n\t\t\t\t\t\t<div class=\"elementor-container elementor-column-gap-extended\">\n\t\t\t\t\t<div class=\"elementor-column elementor-col-100 elementor-top-column elementor-element elementor-element-9b4a268 sc_content_align_inherit sc_layouts_column_icons_position_left sc_fly_static\" data-id=\"9b4a268\" data-element_type=\"column\">\n\t\t\t<div class=\"elementor-widget-wrap elementor-element-populated\">\n\t\t\t\t\t\t<div class=\"elementor-element elementor-element-c5f4c88 sc_fly_static elementor-widget elementor-widget-text-editor\" data-id=\"c5f4c88\" data-element_type=\"widget\" data-widget_type=\"text-editor.default\">\n\t\t\t\t<div class=\"elementor-widget-container\">\n\t\t\t\t\t\t\t\t\t<p><span style=\"font-weight: 400;\">EFKAR ET ENTEGRE \u00e7al\u0131\u015fanlar\u0131 olarak \u201cD\u00fcnyaya Sayg\u0131l\u0131, D\u00fcnyada Sayg\u0131n\u201d vizyonumuz \u00e7er\u00e7evesinde, \u0130\u015f Sa\u011fl\u0131\u011f\u0131 ve G\u00fcvenli\u011fi Y\u00f6netim Sistemimiz gere\u011fi, g\u00fcvenli ve sa\u011fl\u0131kl\u0131 \u00e7al\u0131\u015fma ortam\u0131 olu\u015fturmak amac\u0131yla en uygun \u00e7al\u0131\u015fma y\u00f6ntemlerini belirlemeyi ve s\u00fcrd\u00fcrmeyi, hedeflerimiz do\u011frultusunda, ilgili ulusal ve uluslararas\u0131 mevzuat ve y\u00f6netmeliklerle \u0130SG performans\u0131m\u0131z\u0131 t\u00fcm s\u00fcre\u00e7lerimizde art\u0131rmaya ili\u015fkin taahh\u00fctlerimiz a\u015fa\u011f\u0131daki gibidir;<\/span><\/p><ul><li style=\"font-weight: 400;\" aria-level=\"1\"><span style=\"font-weight: 400;\">S\u0131f\u0131r i\u015f kazas\u0131 ve s\u0131f\u0131r meslek hastal\u0131\u011f\u0131 yakla\u015f\u0131m\u0131yla sa\u011fl\u0131kl\u0131 ve g\u00fcvenli \u00e7al\u0131\u015fma ko\u015fullar\u0131 olu\u015fturmay\u0131,\u00a0<\/span><\/li><li style=\"font-weight: 400;\" aria-level=\"1\"><span style=\"font-weight: 400;\">\u00c7al\u0131\u015fma ortam\u0131ndaki tehlike, risk ve ramak kala durumlar\u0131n\u0131 tespit etmeyi ve ortadan kald\u0131rmay\u0131,<\/span><\/li><li style=\"font-weight: 400;\" aria-level=\"1\"><span style=\"font-weight: 400;\">\u00c7al\u0131\u015fanlar\u0131m\u0131z ve ilgili taraflar\u0131n \u0130SG konusundaki ihtiya\u00e7 ve beklentilerinin anla\u015f\u0131lmas\u0131 i\u00e7in gerekli ileti\u015fim faaliyetlerini sa\u011flamay\u0131,\u00a0\u00a0\u00a0\u00a0\u00a0\u00a0\u00a0\u00a0\u00a0\u00a0<\/span><\/li><li style=\"font-weight: 400;\" aria-level=\"1\"><span style=\"font-weight: 400;\">Mevcut en iyi teknolojileri kullanarak \u0130SG performans\u0131m\u0131z\u0131 s\u00fcrekli geli\u015ftirmeyi,\u00a0<\/span><\/li><li style=\"font-weight: 400;\" aria-level=\"1\"><span style=\"font-weight: 400;\">Olas\u0131 acil durumlar i\u00e7in gerekli planlamalar\u0131 yaparak proaktif \u00f6nlemler almay\u0131,\u00a0<\/span><\/li><li style=\"font-weight: 400;\" aria-level=\"1\"><span style=\"font-weight: 400;\">Gerekli olabilecek t\u00fcm \u0130SG e\u011fitimleri i\u00e7in olanak sa\u011flamay\u0131 ve e\u011fitimlerin etkinli\u011fini takip etmeyi,\u00a0<\/span><\/li><li style=\"font-weight: 400;\" aria-level=\"1\"><span style=\"font-weight: 400;\">\u0130SG konular\u0131nda \u00e7\u0131kar\u0131lan dersleri ve en iyi uygulamalar\u0131 te\u015fvik ederek t\u00fcm \u00e7al\u0131\u015fma alanlar\u0131m\u0131za yayg\u0131nla\u015ft\u0131rmay\u0131,\u00a0<\/span><\/li><li style=\"font-weight: 400;\" aria-level=\"1\"><span style=\"font-weight: 400;\">\u0130SG Y\u00f6netim Sistemimiz kapsam\u0131nda y\u00fcklenici firmalar\u0131n \u0130SG performanslar\u0131n\u0131 takip etmeyi ve iyile\u015ftirmeyi,\u00a0<\/span><\/li><li style=\"font-weight: 400;\" aria-level=\"1\"><span style=\"font-weight: 400;\">\u0130SG ile ilgili f\u0131rsatlar\u0131 tespit etmeyi, s\u00fcre\u00e7lerimize ve uygulamalar\u0131m\u0131za entegre ederek de\u011ferlendirmeyi,<\/span><\/li><li style=\"font-weight: 400;\" aria-level=\"1\"><span style=\"font-weight: 400;\">Ba\u015far\u0131l\u0131 bir \u0130SG performans\u0131na ula\u015fmak i\u00e7in nicel hedefleri belirlemeyi, aksiyon planlar\u0131 olu\u015fturmay\u0131, ger\u00e7ekle\u015fme d\u00fczeylerini takip etmeyi,\u00a0<\/span><\/li><li style=\"font-weight: 400;\" aria-level=\"1\"><span style=\"font-weight: 400;\">G\u00fcvenli ve sa\u011fl\u0131kl\u0131 bir \u015fekilde \u00e7al\u0131\u015fma al\u0131\u015fkanl\u0131\u011f\u0131n\u0131n i\u00e7selle\u015ftirildi\u011fi bir k\u00fclt\u00fcr olu\u015fturmay\u0131 ve bunun i\u00e7in gerekli kaynaklar\u0131 sa\u011flamay\u0131,<\/span><\/li><li style=\"font-weight: 400;\" aria-level=\"1\"><span style=\"font-weight: 400;\">Faaliyet g\u00f6sterdi\u011fimiz t\u00fcm co\u011frafyalarda, yeni yat\u0131r\u0131m ve mevcut operasyonlarda \u0130SG ile ilgili sorumlu oldu\u011fumuz ulusal ve uluslararas\u0131 yasal d\u00fczenlemelere, toplu i\u015f s\u00f6zle\u015fmesi ve di\u011fer y\u00fck\u00fcml\u00fcl\u00fcklere uygun hareket etmeyi,\u00a0<\/span><\/li><li style=\"font-weight: 400;\" aria-level=\"1\"><span style=\"font-weight: 400;\">Organizasyonun her kademesinin ve payda\u015flar\u0131m\u0131z\u0131n kat\u0131l\u0131m\u0131n\u0131 sa\u011flayarak, \u0130SG faaliyetlerimizde s\u00fcrekli iyile\u015ftirmeyi temel almay\u0131, taahh\u00fct ederiz.<\/span><\/li><\/ul>\t\t\t\t\t\t\t\t<\/div>\n\t\t\t\t<\/div>\n\t\t\t\t<div class=\"elementor-element elementor-element-6c21e18 sc_fly_static elementor-widget elementor-widget-text-editor\" data-id=\"6c21e18\" data-element_type=\"widget\" data-widget_type=\"text-editor.default\">\n\t\t\t\t<div class=\"elementor-widget-container\">\n\t\t\t\t\t\t\t\t\t<p>EFKAR ET ENTEGRE\u2019de insan hayat\u0131 \u00f6nceliklidir ve hi\u00e7bir i\u015f, g\u00fcvenlik ve sa\u011fl\u0131k \u00f6nlemleri al\u0131nmadan yap\u0131lacak derecede \u00f6nemli olamaz. \u00c7al\u0131\u015fanlar\u0131m\u0131z, \u0130\u015f Sa\u011fl\u0131\u011f\u0131 ve G\u00fcvenli\u011fi ile ilgili t\u00fcm yasal d\u00fczenlemelere ve \u015firket politikalar\u0131m\u0131za uygun davran\u0131r, g\u00fcvenli olmayan \u00e7al\u0131\u015fma ko\u015fullar\u0131n\u0131, kazay\u0131, yaralanmay\u0131 ve sa\u011fl\u0131ks\u0131z durumu derhal bildirerek, acil durum tehlikelerini tespit eder ve uygun haz\u0131rl\u0131klar\u0131 yapar; acil durum h\u00e2linde yap\u0131lmas\u0131 gerekenleri bilir, uyu\u015fturucu niteli\u011fe sahip maddeler ve alkol etkisinde i\u015fe gelmez. T\u00fcm \u015firket \u00e7al\u0131\u015fanlar\u0131, payda\u015flar\u0131 ve y\u00fcklenicileri EFKAR ET ENTEGRE \u0130SG Politikas\u0131 gereklilikleri do\u011frultusunda \u00e7al\u0131\u015fmakla y\u00fck\u00fcml\u00fcd\u00fcr.<\/p>\t\t\t\t\t\t\t\t<\/div>\n\t\t\t\t<\/div>\n\t\t\t\t<div class=\"elementor-element elementor-element-072f39f sc_fly_static elementor-widget elementor-widget-heading\" data-id=\"072f39f\" data-element_type=\"widget\" data-widget_type=\"heading.default\">\n\t\t\t\t<div class=\"elementor-widget-container\">\n\t\t\t\t\t<h6 class=\"elementor-heading-title elementor-size-default\">EFKAR ET ENTEGRE \u0130\u015f Sa\u011fl\u0131\u011f\u0131 ve G\u00fcvenli\u011fi Politikas\u0131: <\/h6>\t\t\t\t<\/div>\n\t\t\t\t<\/div>\n\t\t\t\t<div class=\"elementor-element elementor-element-6a4cf5f sc_fly_static elementor-widget elementor-widget-text-editor\" data-id=\"6a4cf5f\" data-element_type=\"widget\" data-widget_type=\"text-editor.default\">\n\t\t\t\t<div class=\"elementor-widget-container\">\n\t\t\t\t\t\t\t\t\t<p><span style=\"font-weight: 400;\">Bu y\u00fck\u00fcml\u00fcl\u00fc\u011f\u00fc yerine getirmek amac\u0131yla \u0130SG ile ilgili faaliyetlerimizi Kalite, Enerji, \u00c7evre Y\u00f6netim Sistemleri, S\u00fcrd\u00fcr\u00fclebilirlik yakla\u015f\u0131m\u0131m\u0131z, Global \u0130\u015f Eti\u011fi \u0130lkelerimiz ve ilgili Politikalar ile entegre bir \u015fekilde y\u00f6netir, sekt\u00f6r\u00fcm\u00fczde ve d\u00fcnyada i\u015f sa\u011fl\u0131\u011f\u0131 ve g\u00fcvenli\u011fi a\u00e7\u0131s\u0131ndan \u00f6rnek bir kurulu\u015f olmak i\u00e7in t\u00fcm g\u00fcc\u00fcm\u00fczle \u00e7al\u0131\u015f\u0131r\u0131z.\u00a0<\/span><\/p>\t\t\t\t\t\t\t\t<\/div>\n\t\t\t\t<\/div>\n\t\t\t\t<div class=\"elementor-element elementor-element-369315a sc_fly_static elementor-widget elementor-widget-heading\" data-id=\"369315a\" data-element_type=\"widget\" data-widget_type=\"heading.default\">\n\t\t\t\t<div class=\"elementor-widget-container\">\n\t\t\t\t\t<h6 class=\"elementor-heading-title elementor-size-default\">G\u00d6REV VE SORUMLULUKLAR \u0130SG Politikas\u0131:<\/h6>\t\t\t\t<\/div>\n\t\t\t\t<\/div>\n\t\t\t\t<div class=\"elementor-element elementor-element-2c28cc7 sc_fly_static elementor-widget elementor-widget-text-editor\" data-id=\"2c28cc7\" data-element_type=\"widget\" data-widget_type=\"text-editor.default\">\n\t\t\t\t<div class=\"elementor-widget-container\">\n\t\t\t\t\t\t\t\t\t<p><span style=\"font-weight: 400;\">EFKAR ET ENTEGRE \u0130\u015f G\u00fcvenli\u011fi Y\u00f6neticili\u011fi koordinasyonunda yay\u0131nlan\u0131r ve gerekti\u011finde g\u00f6zden ge\u00e7irilip, g\u00fcncellenir. \u0130SG Politikas\u0131, EFKAR ET ENTEGRE \u00dcst Y\u00f6netimi\u2019nin onay\u0131 ile uygulan\u0131r.\u00a0<\/span><\/p>\t\t\t\t\t\t\t\t<\/div>\n\t\t\t\t<\/div>\n\t\t\t\t<div class=\"elementor-element elementor-element-3653fef sc_fly_static elementor-widget elementor-widget-heading\" data-id=\"3653fef\" data-element_type=\"widget\" data-widget_type=\"heading.default\">\n\t\t\t\t<div class=\"elementor-widget-container\">\n\t\t\t\t\t<h6 class=\"elementor-heading-title elementor-size-default\">REFERANS DOK\u00dcMANLAR:<\/h6>\t\t\t\t<\/div>\n\t\t\t\t<\/div>\n\t\t\t\t<div class=\"elementor-element elementor-element-219ac15 sc_fly_static elementor-widget elementor-widget-text-editor\" data-id=\"219ac15\" data-element_type=\"widget\" data-widget_type=\"text-editor.default\">\n\t\t\t\t<div class=\"elementor-widget-container\">\n\t\t\t\t\t\t\t\t\t<p><span style=\"font-weight: 400;\">Bu Politikaya ve uygulanmas\u0131na ili\u015fkin detayl\u0131 a\u00e7\u0131klamalar \u015eirket Y\u00f6netim Sistemi El Kitab\u0131\u2019nda yer almaktad\u0131r.\u00a0<\/span><\/p>\t\t\t\t\t\t\t\t<\/div>\n\t\t\t\t<\/div>\n\t\t\t\t\t<\/div>\n\t\t<\/div>\n\t\t\t\t\t<\/div>\n\t\t<\/section>\n\t\t\t\t<\/div>","protected":false},"excerpt":{"rendered":"<p>EFKAR ET ENTEGRE \u00e7al\u0131\u015fanlar\u0131 olarak \u201cD\u00fcnyaya Sayg\u0131l\u0131, D\u00fcnyada Sayg\u0131n\u201d vizyonumuz \u00e7er\u00e7evesinde, \u0130\u015f Sa\u011fl\u0131\u011f\u0131 ve G\u00fcvenli\u011fi Y\u00f6netim Sistemimiz gere\u011fi, g\u00fcvenli ve sa\u011fl\u0131kl\u0131 \u00e7al\u0131\u015fma ortam\u0131 olu\u015fturmak amac\u0131yla en uygun \u00e7al\u0131\u015fma y\u00f6ntemlerini belirlemeyi&hellip;<\/p>","protected":false},"author":1,"featured_media":58092,"parent":0,"menu_order":0,"comment_status":"closed","ping_status":"closed","template":"","meta":{"footnotes":""},"class_list":["post-57927","page","type-page","status-publish","has-post-thumbnail","hentry"],"_links":{"self":[{"href":"https:\/\/efkar.com.tr\/en\/wp-json\/wp\/v2\/pages\/57927","targetHints":{"allow":["GET"]}}],"collection":[{"href":"https:\/\/efkar.com.tr\/en\/wp-json\/wp\/v2\/pages"}],"about":[{"href":"https:\/\/efkar.com.tr\/en\/wp-json\/wp\/v2\/types\/page"}],"author":[{"embeddable":true,"href":"https:\/\/efkar.com.tr\/en\/wp-json\/wp\/v2\/users\/1"}],"replies":[{"embeddable":true,"href":"https:\/\/efkar.com.tr\/en\/wp-json\/wp\/v2\/comments?post=57927"}],"version-history":[{"count":10,"href":"https:\/\/efkar.com.tr\/en\/wp-json\/wp\/v2\/pages\/57927\/revisions"}],"predecessor-version":[{"id":58224,"href":"https:\/\/efkar.com.tr\/en\/wp-json\/wp\/v2\/pages\/57927\/revisions\/58224"}],"wp:featuredmedia":[{"embeddable":true,"href":"https:\/\/efkar.com.tr\/en\/wp-json\/wp\/v2\/media\/58092"}],"wp:attachment":[{"href":"https:\/\/efkar.com.tr\/en\/wp-json\/wp\/v2\/media?parent=57927"}],"curies":[{"name":"wp","href":"https:\/\/api.w.org\/{rel}","templated":true}]}}